{"id":5293,"date":"2018-11-16T11:37:29","date_gmt":"2018-11-16T10:37:29","guid":{"rendered":"https:\/\/www.sport4club.be\/index.php\/product\/merco-mat-h1-l400-150\/"},"modified":"2026-02-27T07:42:30","modified_gmt":"2026-02-27T06:42:30","slug":"merco-mat-h1-l400-150","status":"publish","type":"product","link":"https:\/\/www.sport4club.be\/index.php\/product\/merco-mat-h1-l400-150\/","title":{"rendered":"Merco H1-L400 wooden drag mat"},"content":{"rendered":"<p>Merco H1-L400 et L400-A1 ont r\u00e9ussi \u00e0 combiner une grande convivialit\u00e9 avec un prix imbattable.<\/p>\n<p>Et donc plus besoin de chercher d&#8217;autres offres et de choisir uniquement entre une bande en bois ou en aluminium et des dimensions de 200 cm, 180 cm ou 150 cm.<\/p>\n<p>La longueur des mailles est de 150 cm.<\/p>\n","protected":false},"excerpt":{"rendered":"<p>Merco H1-L400 et L400-A1 ont r\u00e9ussi \u00e0 combiner une grande convivialit\u00e9 avec un prix imbattable. Et donc plus besoin de chercher d&#8217;autres offres et de choisir uniquement entre une bande en bois ou en aluminium et des dimensions de 200 cm, 180 cm ou 150 cm. La longueur des mailles est de 150 cm.<\/p>\n","protected":false},"featured_media":12010,"comment_status":"open","ping_status":"closed","template":"","meta":[],"product_cat":[79],"product_tag":[],"_links":{"self":[{"href":"https:\/\/www.sport4club.be\/index.php\/wp-json\/wp\/v2\/product\/5293"}],"collection":[{"href":"https:\/\/www.sport4club.be\/index.php\/wp-json\/wp\/v2\/product"}],"about":[{"href":"https:\/\/www.sport4club.be\/index.php\/wp-json\/wp\/v2\/types\/product"}],"replies":[{"embeddable":true,"href":"https:\/\/www.sport4club.be\/index.php\/wp-json\/wp\/v2\/comments?post=5293"}],"wp:featuredmedia":[{"embeddable":true,"href":"https:\/\/www.sport4club.be\/index.php\/wp-json\/wp\/v2\/media\/12010"}],"wp:attachment":[{"href":"https:\/\/www.sport4club.be\/index.php\/wp-json\/wp\/v2\/media?parent=5293"}],"wp:term":[{"taxonomy":"product_cat","embeddable":true,"href":"https:\/\/www.sport4club.be\/index.php\/wp-json\/wp\/v2\/product_cat?post=5293"},{"taxonomy":"product_tag","embeddable":true,"href":"https:\/\/www.sport4club.be\/index.php\/wp-json\/wp\/v2\/product_tag?post=5293"}],"curies":[{"name":"wp","href":"https:\/\/api.w.org\/{rel}","templated":true}]}}