{"id":5291,"date":"2018-11-16T11:37:29","date_gmt":"2018-11-16T10:37:29","guid":{"rendered":"https:\/\/www.sport4club.be\/index.php\/product\/merco-tennis-court-broom-150\/"},"modified":"2025-04-22T08:30:41","modified_gmt":"2025-04-22T06:30:41","slug":"merco-tennis-court-broom-150","status":"publish","type":"product","link":"https:\/\/www.sport4club.be\/index.php\/product\/merco-tennis-court-broom-150\/","title":{"rendered":"Merco TENNIS COURT BROOM 150"},"content":{"rendered":"<p>Le balai en bois pour les terrains en terre battue Merco est un outil pratique pour l&#8217;entretien des terrains.<\/p>\n<p>Ses dimensions sont de 150x10cm.<\/p>\n<p>Le balai est fabriqu\u00e9 en fibres synth\u00e9tiques.<\/p>\n<p>Ce mod\u00e8le de balai est adapt\u00e9 \u00e0 l&#8217;entretien des terrains de tennis et de volley-ball.<\/p>\n","protected":false},"excerpt":{"rendered":"<p>Le balai en bois pour les terrains en terre battue Merco est un outil pratique pour l&#8217;entretien des terrains. Ses dimensions sont de 150x10cm. Le balai est fabriqu\u00e9 en fibres synth\u00e9tiques. Ce mod\u00e8le de balai est adapt\u00e9 \u00e0 l&#8217;entretien des terrains de tennis et de volley-ball.<\/p>\n","protected":false},"featured_media":108934,"comment_status":"open","ping_status":"closed","template":"","meta":[],"product_cat":[79],"product_tag":[],"_links":{"self":[{"href":"https:\/\/www.sport4club.be\/index.php\/wp-json\/wp\/v2\/product\/5291"}],"collection":[{"href":"https:\/\/www.sport4club.be\/index.php\/wp-json\/wp\/v2\/product"}],"about":[{"href":"https:\/\/www.sport4club.be\/index.php\/wp-json\/wp\/v2\/types\/product"}],"replies":[{"embeddable":true,"href":"https:\/\/www.sport4club.be\/index.php\/wp-json\/wp\/v2\/comments?post=5291"}],"wp:featuredmedia":[{"embeddable":true,"href":"https:\/\/www.sport4club.be\/index.php\/wp-json\/wp\/v2\/media\/108934"}],"wp:attachment":[{"href":"https:\/\/www.sport4club.be\/index.php\/wp-json\/wp\/v2\/media?parent=5291"}],"wp:term":[{"taxonomy":"product_cat","embeddable":true,"href":"https:\/\/www.sport4club.be\/index.php\/wp-json\/wp\/v2\/product_cat?post=5291"},{"taxonomy":"product_tag","embeddable":true,"href":"https:\/\/www.sport4club.be\/index.php\/wp-json\/wp\/v2\/product_tag?post=5291"}],"curies":[{"name":"wp","href":"https:\/\/api.w.org\/{rel}","templated":true}]}}