{"id":5269,"date":"2018-11-16T11:37:23","date_gmt":"2018-11-16T10:37:23","guid":{"rendered":"https:\/\/www.sport4club.be\/index.php\/product\/merco-tennis-badminton-set-3m-net\/"},"modified":"2026-02-04T08:22:16","modified_gmt":"2026-02-04T07:22:16","slug":"merco-tennis-badminton-set-3m-net","status":"publish","type":"product","link":"https:\/\/www.sport4club.be\/index.php\/product\/merco-tennis-badminton-set-3m-net\/","title":{"rendered":"Merco TENNIS\/BADMINTON SET 3M + NET"},"content":{"rendered":"<p>Le kit de badminton\/tennis Merco 3 m est un excellent produit qui peut \u00eatre utilis\u00e9 par les entra\u00eeneurs pour entra\u00eener leurs athl\u00e8tes ou dans les clubs et centres sportifs pour leurs membres, les h\u00f4tels, les chambres d&#8217;h\u00f4tes et les centres de bien-\u00eatre comme prolongement des activit\u00e9s sportives ou pour que les familles s&#8217;amusent pendant leur temps libre.<\/p>\n<p>Le montage de ce filet prend moins de deux minutes. Le set de badminton\/tennis Merco 3 m est con\u00e7u pour une utilisation en int\u00e9rieur et en ext\u00e9rieur sur n&#8217;importe quelle surface. Tout ce dont vous avez besoin pour profiter pleinement du set de badminton Merco 3 m est une surface plane.<\/p>\n<p>&nbsp;<\/p>\n","protected":false},"excerpt":{"rendered":"<p>Le kit de badminton\/tennis Merco 3 m est un excellent produit qui peut \u00eatre utilis\u00e9 par les entra\u00eeneurs pour entra\u00eener leurs athl\u00e8tes ou dans les clubs et centres sportifs pour leurs membres, les h\u00f4tels, les chambres d&#8217;h\u00f4tes et les centres de bien-\u00eatre comme prolongement des activit\u00e9s sportives ou pour que les familles s&#8217;amusent pendant leur [&hellip;]<\/p>\n","protected":false},"featured_media":5270,"comment_status":"open","ping_status":"closed","template":"","meta":[],"product_cat":[76],"product_tag":[],"_links":{"self":[{"href":"https:\/\/www.sport4club.be\/index.php\/wp-json\/wp\/v2\/product\/5269"}],"collection":[{"href":"https:\/\/www.sport4club.be\/index.php\/wp-json\/wp\/v2\/product"}],"about":[{"href":"https:\/\/www.sport4club.be\/index.php\/wp-json\/wp\/v2\/types\/product"}],"replies":[{"embeddable":true,"href":"https:\/\/www.sport4club.be\/index.php\/wp-json\/wp\/v2\/comments?post=5269"}],"wp:featuredmedia":[{"embeddable":true,"href":"https:\/\/www.sport4club.be\/index.php\/wp-json\/wp\/v2\/media\/5270"}],"wp:attachment":[{"href":"https:\/\/www.sport4club.be\/index.php\/wp-json\/wp\/v2\/media?parent=5269"}],"wp:term":[{"taxonomy":"product_cat","embeddable":true,"href":"https:\/\/www.sport4club.be\/index.php\/wp-json\/wp\/v2\/product_cat?post=5269"},{"taxonomy":"product_tag","embeddable":true,"href":"https:\/\/www.sport4club.be\/index.php\/wp-json\/wp\/v2\/product_tag?post=5269"}],"curies":[{"name":"wp","href":"https:\/\/api.w.org\/{rel}","templated":true}]}}