{"id":5215,"date":"2018-11-16T11:37:11","date_gmt":"2018-11-16T10:37:11","guid":{"rendered":"https:\/\/www.sport4club.be\/index.php\/product\/merco-sensation-t-200-mecanique\/"},"modified":"2026-01-19T10:48:37","modified_gmt":"2026-01-19T09:48:37","slug":"merco-sensation-t-200-mecanique","status":"publish","type":"product","link":"https:\/\/www.sport4club.be\/index.php\/product\/merco-sensation-t-200-mecanique\/","title":{"rendered":"Merco SENSATION T-200 MECANICAL Black"},"content":{"rendered":"<p>La machine \u00e0 corder m\u00e9canique est \u00e9quip\u00e9e d&#8217;une t\u00eate avec un dispositif de fixation de raquette \u00e0 6 points. Sa conception est adapt\u00e9e aux raquettes de tennis, de squash et de badminton. Elle garantit un endommagement minimal de la t\u00eate de la raquette pendant le cordage. Vous pouvez tendre le cordage avec une force comprise entre 4 kg et 40 kg. Ce mod\u00e8le de machine \u00e0 corder comprend \u00e9galement un petit bol pour vos outils. Avec la machine \u00e0 corder, vous recevrez \u00e9galement quelques \u00e9quipements de base : 1 pince \u00e0 embout, 1 petite pince (pince \u00e0 \u00e9piler), 1 pince, 1 \u0153illet et diverses pi\u00e8ces en plastique et pi\u00e8ces de rechange. Sans aucun doute la machine \u00e0 corder m\u00e9canique de la meilleure qualit\u00e9 sur le march\u00e9 tch\u00e8que. Dimensions du colis : 91 x 32 x 25 cm<\/p>\n<p>Remarque : le support est un produit en option vendu s\u00e9par\u00e9ment.<\/p>\n<p>&nbsp;<\/p>\n","protected":false},"excerpt":{"rendered":"<p>La machine \u00e0 corder m\u00e9canique est \u00e9quip\u00e9e d&#8217;une t\u00eate avec un dispositif de fixation de raquette \u00e0 6 points. Sa conception est adapt\u00e9e aux raquettes de tennis, de squash et de badminton. Elle garantit un endommagement minimal de la t\u00eate de la raquette pendant le cordage. Vous pouvez tendre le cordage avec une force comprise [&hellip;]<\/p>\n","protected":false},"featured_media":115491,"comment_status":"open","ping_status":"closed","template":"","meta":[],"product_cat":[111],"product_tag":[],"_links":{"self":[{"href":"https:\/\/www.sport4club.be\/index.php\/wp-json\/wp\/v2\/product\/5215"}],"collection":[{"href":"https:\/\/www.sport4club.be\/index.php\/wp-json\/wp\/v2\/product"}],"about":[{"href":"https:\/\/www.sport4club.be\/index.php\/wp-json\/wp\/v2\/types\/product"}],"replies":[{"embeddable":true,"href":"https:\/\/www.sport4club.be\/index.php\/wp-json\/wp\/v2\/comments?post=5215"}],"wp:featuredmedia":[{"embeddable":true,"href":"https:\/\/www.sport4club.be\/index.php\/wp-json\/wp\/v2\/media\/115491"}],"wp:attachment":[{"href":"https:\/\/www.sport4club.be\/index.php\/wp-json\/wp\/v2\/media?parent=5215"}],"wp:term":[{"taxonomy":"product_cat","embeddable":true,"href":"https:\/\/www.sport4club.be\/index.php\/wp-json\/wp\/v2\/product_cat?post=5215"},{"taxonomy":"product_tag","embeddable":true,"href":"https:\/\/www.sport4club.be\/index.php\/wp-json\/wp\/v2\/product_tag?post=5215"}],"curies":[{"name":"wp","href":"https:\/\/api.w.org\/{rel}","templated":true}]}}