{"id":5211,"date":"2018-11-16T11:37:11","date_gmt":"2018-11-16T10:37:11","guid":{"rendered":"https:\/\/www.sport4club.be\/index.php\/product\/merco-es-8000-electro\/"},"modified":"2026-01-19T10:42:52","modified_gmt":"2026-01-19T09:42:52","slug":"merco-es-8000-electro","status":"publish","type":"product","link":"https:\/\/www.sport4club.be\/index.php\/product\/merco-es-8000-electro\/","title":{"rendered":"Merco ES-8000 ELECTRO"},"content":{"rendered":"<p>La machine \u00e0 corder \u00e0 commande \u00e9lectronique est fabriqu\u00e9e en acier, en aluminium et en FRP (mat\u00e9riau composite renforc\u00e9 de fibres). Elle est \u00e9quip\u00e9e d&#8217;un syst\u00e8me brevet\u00e9 de fixation en 6 points de la t\u00eate de raquette. Elle permet de corder des raquettes de tennis, de squash et de badminton avec des tensions allant de 6 kg \u00e0 40 kg. Contrairement au mod\u00e8le ES-6000, il s&#8217;agit d&#8217;une machine \u00e0 tension lin\u00e9aire utilisant un microprocesseur sp\u00e9cial \u00e0 enroulement cellulaire, \u00e9quip\u00e9e d&#8217;un logiciel int\u00e9gr\u00e9 qui garantit une pr\u00e9cision et une fiabilit\u00e9 absolues pour plusieurs milliers de cordages. Vous pouvez r\u00e9gler la vitesse d&#8217;\u00e9tirement, la force, l&#8217;\u00e9tirement avec une pr\u00e9cision de dixi\u00e8mes de kg (plus la possibilit\u00e9 d&#8217;utiliser la m\u00e9moire pour 9 r\u00e9glages diff\u00e9rents), bien s\u00fbr la fonction \u00ab n\u0153ud \u00bb (n\u0153ud final 2 kg de pouss\u00e9e plus \u00e9lev\u00e9) ou les augmentations soudaines de 10 % ou 20 % (cordes naturelles utilis\u00e9es). La machine est \u00e9quip\u00e9e d&#8217;un compteur de cordes d\u00e9roul\u00e9es.<br \/>\nLes machines sont \u00e9galement \u00e9quip\u00e9es de deux pinces inf\u00e9rieures avec poussi\u00e8re de diamant qui garantissent des cordes intactes, ce qui est tr\u00e8s appr\u00e9ci\u00e9, ainsi que d&#8217;accessoires de rangement.<\/p>\n<p>&#8211; Le prix de la machine comprend l&#8217;\u00e9quipement de base pour le cordage : 1 pince \u00e0 pointe, 1 pince (pince \u00e0 \u00e9piler), 1 pince, 1 presse-\u00e9toupe et diverses pi\u00e8ces en plastique et pi\u00e8ces de rechange.<br \/>\n&#8211; Nous offrons la possibilit\u00e9 d&#8217;acheter un support r\u00e9glable en hauteur.<br \/>\n&#8211; La garantie sur l&#8217;ensemble du produit est de deux ans, avec une garantie d&#8217;achat de toutes les pi\u00e8ces de rechange pendant au moins 5 ans.<br \/>\n&#8211; Pour vous faire une meilleure id\u00e9e, consultez les galeries de photos, la vid\u00e9o de d\u00e9monstration ou le manuel d&#8217;instructions.<br \/>\n&#8211; Dimensions du colis : 115 x 47 x 47 cm, poids 34 kg.<\/p>\n","protected":false},"excerpt":{"rendered":"<p>La machine \u00e0 corder \u00e0 commande \u00e9lectronique est fabriqu\u00e9e en acier, en aluminium et en FRP (mat\u00e9riau composite renforc\u00e9 de fibres). Elle est \u00e9quip\u00e9e d&#8217;un syst\u00e8me brevet\u00e9 de fixation en 6 points de la t\u00eate de raquette. Elle permet de corder des raquettes de tennis, de squash et de badminton avec des tensions allant de [&hellip;]<\/p>\n","protected":false},"featured_media":115488,"comment_status":"open","ping_status":"closed","template":"","meta":[],"product_cat":[111],"product_tag":[],"_links":{"self":[{"href":"https:\/\/www.sport4club.be\/index.php\/wp-json\/wp\/v2\/product\/5211"}],"collection":[{"href":"https:\/\/www.sport4club.be\/index.php\/wp-json\/wp\/v2\/product"}],"about":[{"href":"https:\/\/www.sport4club.be\/index.php\/wp-json\/wp\/v2\/types\/product"}],"replies":[{"embeddable":true,"href":"https:\/\/www.sport4club.be\/index.php\/wp-json\/wp\/v2\/comments?post=5211"}],"wp:featuredmedia":[{"embeddable":true,"href":"https:\/\/www.sport4club.be\/index.php\/wp-json\/wp\/v2\/media\/115488"}],"wp:attachment":[{"href":"https:\/\/www.sport4club.be\/index.php\/wp-json\/wp\/v2\/media?parent=5211"}],"wp:term":[{"taxonomy":"product_cat","embeddable":true,"href":"https:\/\/www.sport4club.be\/index.php\/wp-json\/wp\/v2\/product_cat?post=5211"},{"taxonomy":"product_tag","embeddable":true,"href":"https:\/\/www.sport4club.be\/index.php\/wp-json\/wp\/v2\/product_tag?post=5211"}],"curies":[{"name":"wp","href":"https:\/\/api.w.org\/{rel}","templated":true}]}}