{"id":5203,"date":"2018-11-16T11:37:10","date_gmt":"2018-11-16T10:37:10","guid":{"rendered":"https:\/\/www.sport4club.be\/index.php\/product\/tutor-tennis-batterie\/"},"modified":"2024-01-30T17:31:22","modified_gmt":"2024-01-30T16:31:22","slug":"tutor-tennis-batterie","status":"publish","type":"product","link":"https:\/\/www.sport4club.be\/index.php\/product\/tutor-tennis-batterie\/","title":{"rendered":"Tutor Model 2 Tennis Ball Machine"},"content":{"rendered":"<p id=\"tw-target-text\" class=\"tw-data-text tw-ta tw-text-small\" dir=\"ltr\" data-placeholder=\"Traduction\"><em><span lang=\"fr\">Le Tutor Tennis + Battery de Tutor est un lance-balles tr\u00e8s complet qui convient aux joueurs de tennis qui souhaitent s&#8217;entra\u00eener de mani\u00e8re suppl\u00e9mentaire afin de d\u00e9velopper davantage leurs techniques de frappe. Ce canon \u00e0 balles est l\u00e9g\u00e8rement plus lourd que le Pro Lite, ce qui lui permet de donner un peu plus de vitesse aux balles. Gr\u00e2ce \u00e0 sa poign\u00e9e, le Tutor Tennis est facile \u00e0 soulever et \u00e0 transporter.\u00a0 Avec le Tutor Tennis, chacun peut d\u00e9velopper ses comp\u00e9tences au tennis avec plaisir et facilit\u00e9.<\/span><\/em><\/p>\n<p id=\"tw-target-text\" class=\"tw-data-text tw-ta tw-text-small\" dir=\"ltr\" data-placeholder=\"Traduction\"><em><span lang=\"fr\">Ce lance-balles pratique est pr\u00eat \u00e0 \u00eatre utilis\u00e9 en quelques secondes et offre de nombreuses possibilit\u00e9s pour envoyer les balles de diff\u00e9rentes mani\u00e8res. En fonction des souhaits du joueur, la vitesse de la balle, sa fr\u00e9quence et sa hauteur peuvent \u00eatre ajust\u00e9es. Gr\u00e2ce au &#8220;d\u00e9lai de mise en route&#8221;, le joueur peut traverser le terrain apr\u00e8s avoir allum\u00e9 le lance-balles. Il peut tirer jusqu&#8217;\u00e0 150 balles de tennis sans interruption et a une autonomie de 4 \u00e0 6 heures. La batterie peut \u00eatre charg\u00e9e \u00e0 220 volts apr\u00e8s et avant utilisation.<\/span><\/em><\/p>\n<p dir=\"ltr\" data-placeholder=\"Traduction\">\n","protected":false},"excerpt":{"rendered":"<p>Le Tutor Tennis + Battery de Tutor est un lance-balles tr\u00e8s complet qui convient aux joueurs de tennis qui souhaitent s&#8217;entra\u00eener de mani\u00e8re suppl\u00e9mentaire afin de d\u00e9velopper davantage leurs techniques de frappe. Ce canon \u00e0 balles est l\u00e9g\u00e8rement plus lourd que le Pro Lite, ce qui lui permet de donner un peu plus de vitesse [&hellip;]<\/p>\n","protected":false},"featured_media":5204,"comment_status":"open","ping_status":"closed","template":"","meta":[],"product_cat":[110],"product_tag":[],"_links":{"self":[{"href":"https:\/\/www.sport4club.be\/index.php\/wp-json\/wp\/v2\/product\/5203"}],"collection":[{"href":"https:\/\/www.sport4club.be\/index.php\/wp-json\/wp\/v2\/product"}],"about":[{"href":"https:\/\/www.sport4club.be\/index.php\/wp-json\/wp\/v2\/types\/product"}],"replies":[{"embeddable":true,"href":"https:\/\/www.sport4club.be\/index.php\/wp-json\/wp\/v2\/comments?post=5203"}],"wp:featuredmedia":[{"embeddable":true,"href":"https:\/\/www.sport4club.be\/index.php\/wp-json\/wp\/v2\/media\/5204"}],"wp:attachment":[{"href":"https:\/\/www.sport4club.be\/index.php\/wp-json\/wp\/v2\/media?parent=5203"}],"wp:term":[{"taxonomy":"product_cat","embeddable":true,"href":"https:\/\/www.sport4club.be\/index.php\/wp-json\/wp\/v2\/product_cat?post=5203"},{"taxonomy":"product_tag","embeddable":true,"href":"https:\/\/www.sport4club.be\/index.php\/wp-json\/wp\/v2\/product_tag?post=5203"}],"curies":[{"name":"wp","href":"https:\/\/api.w.org\/{rel}","templated":true}]}}