{"id":5179,"date":"2018-11-16T11:37:02","date_gmt":"2018-11-16T10:37:02","guid":{"rendered":"https:\/\/www.sport4club.be\/index.php\/product\/merco-dura-nylon-200m\/"},"modified":"2018-11-21T10:30:15","modified_gmt":"2018-11-21T09:30:15","slug":"merco-dura-nylon-200m","status":"publish","type":"product","link":"https:\/\/www.sport4club.be\/index.php\/product\/merco-dura-nylon-200m\/","title":{"rendered":"Merco DURA NYLON 200M"},"content":{"rendered":"<p><em>Le cordage Tennis Merco Dura Nylon est un cordage synth\u00e9tique qui convient a tous les types de joueurs. Polyvalent, ce cordage est propos\u00e9 \u00e0 un prix tr\u00e8s int\u00e9ressant.<\/em><\/p>\n","protected":false},"excerpt":{"rendered":"<p>Le cordage Tennis Merco Dura Nylon est un cordage synth\u00e9tique qui convient a tous les types de joueurs. Polyvalent, ce cordage est propos\u00e9 \u00e0 un prix tr\u00e8s int\u00e9ressant.<\/p>\n","protected":false},"featured_media":5180,"comment_status":"open","ping_status":"closed","template":"","meta":[],"product_cat":[108],"product_tag":[],"_links":{"self":[{"href":"https:\/\/www.sport4club.be\/index.php\/wp-json\/wp\/v2\/product\/5179"}],"collection":[{"href":"https:\/\/www.sport4club.be\/index.php\/wp-json\/wp\/v2\/product"}],"about":[{"href":"https:\/\/www.sport4club.be\/index.php\/wp-json\/wp\/v2\/types\/product"}],"replies":[{"embeddable":true,"href":"https:\/\/www.sport4club.be\/index.php\/wp-json\/wp\/v2\/comments?post=5179"}],"wp:featuredmedia":[{"embeddable":true,"href":"https:\/\/www.sport4club.be\/index.php\/wp-json\/wp\/v2\/media\/5180"}],"wp:attachment":[{"href":"https:\/\/www.sport4club.be\/index.php\/wp-json\/wp\/v2\/media?parent=5179"}],"wp:term":[{"taxonomy":"product_cat","embeddable":true,"href":"https:\/\/www.sport4club.be\/index.php\/wp-json\/wp\/v2\/product_cat?post=5179"},{"taxonomy":"product_tag","embeddable":true,"href":"https:\/\/www.sport4club.be\/index.php\/wp-json\/wp\/v2\/product_tag?post=5179"}],"curies":[{"name":"wp","href":"https:\/\/api.w.org\/{rel}","templated":true}]}}