{"id":5177,"date":"2018-11-16T11:37:02","date_gmt":"2018-11-16T10:37:02","guid":{"rendered":"https:\/\/www.sport4club.be\/index.php\/product\/signum-pro-poly-megaforce-200m\/"},"modified":"2020-01-13T16:38:33","modified_gmt":"2020-01-13T15:38:33","slug":"signum-pro-poly-megaforce-200m","status":"publish","type":"product","link":"https:\/\/www.sport4club.be\/index.php\/product\/signum-pro-poly-megaforce-200m\/","title":{"rendered":"Signum Pro POLY MEGAFORCE 200M"},"content":{"rendered":"<p>Le cordage Signum Pro Poly Megaforce est un cordage en co-polym\u00e8res + r\u00e9sines. Il offre plus de vitesse de balle que le cordage Signum Pro Poly Plasma mais moins de contr\u00f4le.<\/p>\n<p>De nature rigide, il offre beaucoup de contr\u00f4le de balle et un excellent feeling surtout lors des grosses frappes.<\/p>\n<p>La capacit\u00e9 du cordage Signum Pro Poly Megaforce \u00e0 prendre les effets est \u00e9galement tr\u00e8s bonne.<\/p>\n","protected":false},"excerpt":{"rendered":"<p>Le cordage Signum Pro Poly Megaforce est un cordage en co-polym\u00e8res + r\u00e9sines. Il offre plus de vitesse de balle que le cordage Signum Pro Poly Plasma mais moins de contr\u00f4le. De nature rigide, il offre beaucoup de contr\u00f4le de balle et un excellent feeling surtout lors des grosses frappes. La capacit\u00e9 du cordage Signum [&hellip;]<\/p>\n","protected":false},"featured_media":5178,"comment_status":"open","ping_status":"closed","template":"","meta":[],"product_cat":[108],"product_tag":[],"_links":{"self":[{"href":"https:\/\/www.sport4club.be\/index.php\/wp-json\/wp\/v2\/product\/5177"}],"collection":[{"href":"https:\/\/www.sport4club.be\/index.php\/wp-json\/wp\/v2\/product"}],"about":[{"href":"https:\/\/www.sport4club.be\/index.php\/wp-json\/wp\/v2\/types\/product"}],"replies":[{"embeddable":true,"href":"https:\/\/www.sport4club.be\/index.php\/wp-json\/wp\/v2\/comments?post=5177"}],"wp:featuredmedia":[{"embeddable":true,"href":"https:\/\/www.sport4club.be\/index.php\/wp-json\/wp\/v2\/media\/5178"}],"wp:attachment":[{"href":"https:\/\/www.sport4club.be\/index.php\/wp-json\/wp\/v2\/media?parent=5177"}],"wp:term":[{"taxonomy":"product_cat","embeddable":true,"href":"https:\/\/www.sport4club.be\/index.php\/wp-json\/wp\/v2\/product_cat?post=5177"},{"taxonomy":"product_tag","embeddable":true,"href":"https:\/\/www.sport4club.be\/index.php\/wp-json\/wp\/v2\/product_tag?post=5177"}],"curies":[{"name":"wp","href":"https:\/\/api.w.org\/{rel}","templated":true}]}}