{"id":5173,"date":"2018-11-16T11:37:02","date_gmt":"2018-11-16T10:37:02","guid":{"rendered":"https:\/\/www.sport4club.be\/index.php\/product\/signum-pro-twister-200m\/"},"modified":"2018-11-21T20:23:32","modified_gmt":"2018-11-21T19:23:32","slug":"signum-pro-twister-200m","status":"publish","type":"product","link":"https:\/\/www.sport4club.be\/index.php\/product\/signum-pro-twister-200m\/","title":{"rendered":"Signum Pro TWISTER 200M"},"content":{"rendered":"<p><em>Le cordage\u00a0Signum Pro Twister\u00a0est un polyester standard qui poss\u00e8de un\u00a0excellent rapport qualit\u00e9\/prix. Ce monofilament combine parfaitement puissance et contr\u00f4le gr\u00e2ce \u00e0 sa forme l\u00e9g\u00e8rement octogonale et torsad\u00e9e. Si vous souhaitez plus<\/em><em> de<\/em><em> sensations, optez pour une jauge fine.<\/em><\/p>\n","protected":false},"excerpt":{"rendered":"<p>Le cordage\u00a0Signum Pro Twister\u00a0est un polyester standard qui poss\u00e8de un\u00a0excellent rapport qualit\u00e9\/prix. Ce monofilament combine parfaitement puissance et contr\u00f4le gr\u00e2ce \u00e0 sa forme l\u00e9g\u00e8rement octogonale et torsad\u00e9e. Si vous souhaitez plus de sensations, optez pour une jauge fine.<\/p>\n","protected":false},"featured_media":5174,"comment_status":"open","ping_status":"closed","template":"","meta":[],"product_cat":[108],"product_tag":[],"_links":{"self":[{"href":"https:\/\/www.sport4club.be\/index.php\/wp-json\/wp\/v2\/product\/5173"}],"collection":[{"href":"https:\/\/www.sport4club.be\/index.php\/wp-json\/wp\/v2\/product"}],"about":[{"href":"https:\/\/www.sport4club.be\/index.php\/wp-json\/wp\/v2\/types\/product"}],"replies":[{"embeddable":true,"href":"https:\/\/www.sport4club.be\/index.php\/wp-json\/wp\/v2\/comments?post=5173"}],"wp:featuredmedia":[{"embeddable":true,"href":"https:\/\/www.sport4club.be\/index.php\/wp-json\/wp\/v2\/media\/5174"}],"wp:attachment":[{"href":"https:\/\/www.sport4club.be\/index.php\/wp-json\/wp\/v2\/media?parent=5173"}],"wp:term":[{"taxonomy":"product_cat","embeddable":true,"href":"https:\/\/www.sport4club.be\/index.php\/wp-json\/wp\/v2\/product_cat?post=5173"},{"taxonomy":"product_tag","embeddable":true,"href":"https:\/\/www.sport4club.be\/index.php\/wp-json\/wp\/v2\/product_tag?post=5173"}],"curies":[{"name":"wp","href":"https:\/\/api.w.org\/{rel}","templated":true}]}}