{"id":5171,"date":"2018-11-16T11:37:01","date_gmt":"2018-11-16T10:37:01","guid":{"rendered":"https:\/\/www.sport4club.be\/index.php\/product\/signum-pro-micronite-200m\/"},"modified":"2018-11-21T11:13:32","modified_gmt":"2018-11-21T10:13:32","slug":"signum-pro-micronite-200m","status":"publish","type":"product","link":"https:\/\/www.sport4club.be\/index.php\/product\/signum-pro-micronite-200m\/","title":{"rendered":"Signum Pro MICRONITE 200M"},"content":{"rendered":"<div class=\"description__text\">\n<div class=\"std\">\n<p><em>Le cordage Signum Pro Micronite a \u00e9t\u00e9 fabriqu\u00e9 pour offrir le<strong>\u00a0maximum de sensation \u00e0 la frappe<\/strong>. Chaque microfibre est impr\u00e9gn\u00e9e de polyur\u00e9thane thermo-\u00e9lastique pour vous donner un toucher de balle exceptionnel ainsi qu\u2019une plus grande r\u00e9sistance. Pour les joueurs qui recherchent un cordage confortable, le Signum Pro Micronite est fait pour vous.<\/em><\/p>\n<\/div>\n<\/div>\n","protected":false},"excerpt":{"rendered":"<p>Le cordage Signum Pro Micronite a \u00e9t\u00e9 fabriqu\u00e9 pour offrir le\u00a0maximum de sensation \u00e0 la frappe. Chaque microfibre est impr\u00e9gn\u00e9e de polyur\u00e9thane thermo-\u00e9lastique pour vous donner un toucher de balle exceptionnel ainsi qu\u2019une plus grande r\u00e9sistance. Pour les joueurs qui recherchent un cordage confortable, le Signum Pro Micronite est fait pour vous.<\/p>\n","protected":false},"featured_media":5172,"comment_status":"open","ping_status":"closed","template":"","meta":[],"product_cat":[108],"product_tag":[],"_links":{"self":[{"href":"https:\/\/www.sport4club.be\/index.php\/wp-json\/wp\/v2\/product\/5171"}],"collection":[{"href":"https:\/\/www.sport4club.be\/index.php\/wp-json\/wp\/v2\/product"}],"about":[{"href":"https:\/\/www.sport4club.be\/index.php\/wp-json\/wp\/v2\/types\/product"}],"replies":[{"embeddable":true,"href":"https:\/\/www.sport4club.be\/index.php\/wp-json\/wp\/v2\/comments?post=5171"}],"wp:featuredmedia":[{"embeddable":true,"href":"https:\/\/www.sport4club.be\/index.php\/wp-json\/wp\/v2\/media\/5172"}],"wp:attachment":[{"href":"https:\/\/www.sport4club.be\/index.php\/wp-json\/wp\/v2\/media?parent=5171"}],"wp:term":[{"taxonomy":"product_cat","embeddable":true,"href":"https:\/\/www.sport4club.be\/index.php\/wp-json\/wp\/v2\/product_cat?post=5171"},{"taxonomy":"product_tag","embeddable":true,"href":"https:\/\/www.sport4club.be\/index.php\/wp-json\/wp\/v2\/product_tag?post=5171"}],"curies":[{"name":"wp","href":"https:\/\/api.w.org\/{rel}","templated":true}]}}