{"id":5169,"date":"2018-11-16T11:37:01","date_gmt":"2018-11-16T10:37:01","guid":{"rendered":"https:\/\/www.sport4club.be\/index.php\/product\/signum-pro-firestorm-200m\/"},"modified":"2018-11-21T11:06:52","modified_gmt":"2018-11-21T10:06:52","slug":"signum-pro-firestorm-200m","status":"publish","type":"product","link":"https:\/\/www.sport4club.be\/index.php\/product\/signum-pro-firestorm-200m\/","title":{"rendered":"Signum Pro FIRESTORM 200M"},"content":{"rendered":"<p><em><strong>Le cordage pr\u00e9f\u00e9r\u00e9 des comp\u00e9titeurs<\/strong>, le cordage Signum Pro Firestorm. C\u2019est le monifilament le puissant fabriqu\u00e9 par Signum Pro. De plus la tension reste quasi identique tout au long de sa dur\u00e9e de vie. De nombreux joueurs sur le circuit l\u2019utilisent comme par exemple Mikhael Youznhy.<\/em><\/p>\n","protected":false},"excerpt":{"rendered":"<p>Le cordage pr\u00e9f\u00e9r\u00e9 des comp\u00e9titeurs, le cordage Signum Pro Firestorm. C\u2019est le monifilament le puissant fabriqu\u00e9 par Signum Pro. De plus la tension reste quasi identique tout au long de sa dur\u00e9e de vie. De nombreux joueurs sur le circuit l\u2019utilisent comme par exemple Mikhael Youznhy.<\/p>\n","protected":false},"featured_media":9901,"comment_status":"open","ping_status":"closed","template":"","meta":[],"product_cat":[108],"product_tag":[],"_links":{"self":[{"href":"https:\/\/www.sport4club.be\/index.php\/wp-json\/wp\/v2\/product\/5169"}],"collection":[{"href":"https:\/\/www.sport4club.be\/index.php\/wp-json\/wp\/v2\/product"}],"about":[{"href":"https:\/\/www.sport4club.be\/index.php\/wp-json\/wp\/v2\/types\/product"}],"replies":[{"embeddable":true,"href":"https:\/\/www.sport4club.be\/index.php\/wp-json\/wp\/v2\/comments?post=5169"}],"wp:featuredmedia":[{"embeddable":true,"href":"https:\/\/www.sport4club.be\/index.php\/wp-json\/wp\/v2\/media\/9901"}],"wp:attachment":[{"href":"https:\/\/www.sport4club.be\/index.php\/wp-json\/wp\/v2\/media?parent=5169"}],"wp:term":[{"taxonomy":"product_cat","embeddable":true,"href":"https:\/\/www.sport4club.be\/index.php\/wp-json\/wp\/v2\/product_cat?post=5169"},{"taxonomy":"product_tag","embeddable":true,"href":"https:\/\/www.sport4club.be\/index.php\/wp-json\/wp\/v2\/product_tag?post=5169"}],"curies":[{"name":"wp","href":"https:\/\/api.w.org\/{rel}","templated":true}]}}