{"id":5167,"date":"2018-11-16T11:37:01","date_gmt":"2018-11-16T10:37:01","guid":{"rendered":"https:\/\/www.sport4club.be\/index.php\/product\/signum-pro-outbreak-200m\/"},"modified":"2018-11-21T11:16:29","modified_gmt":"2018-11-21T10:16:29","slug":"signum-pro-outbreak-200m","status":"publish","type":"product","link":"https:\/\/www.sport4club.be\/index.php\/product\/signum-pro-outbreak-200m\/","title":{"rendered":"Signum Pro OUTBREAK 200M"},"content":{"rendered":"<p><em>Ce cordage Signum Pro OUTBREAK est \u00e0 mi-chemin entre un monofilament co-polyester et un multifilament. Gr\u00e2ce \u00e0 sa grande souplesse, le cordage offre beaucoup de confort et une forte puissance de frappe.<\/em><\/p>\n","protected":false},"excerpt":{"rendered":"<p>Ce cordage Signum Pro OUTBREAK est \u00e0 mi-chemin entre un monofilament co-polyester et un multifilament. Gr\u00e2ce \u00e0 sa grande souplesse, le cordage offre beaucoup de confort et une forte puissance de frappe.<\/p>\n","protected":false},"featured_media":5168,"comment_status":"open","ping_status":"closed","template":"","meta":[],"product_cat":[108],"product_tag":[],"_links":{"self":[{"href":"https:\/\/www.sport4club.be\/index.php\/wp-json\/wp\/v2\/product\/5167"}],"collection":[{"href":"https:\/\/www.sport4club.be\/index.php\/wp-json\/wp\/v2\/product"}],"about":[{"href":"https:\/\/www.sport4club.be\/index.php\/wp-json\/wp\/v2\/types\/product"}],"replies":[{"embeddable":true,"href":"https:\/\/www.sport4club.be\/index.php\/wp-json\/wp\/v2\/comments?post=5167"}],"wp:featuredmedia":[{"embeddable":true,"href":"https:\/\/www.sport4club.be\/index.php\/wp-json\/wp\/v2\/media\/5168"}],"wp:attachment":[{"href":"https:\/\/www.sport4club.be\/index.php\/wp-json\/wp\/v2\/media?parent=5167"}],"wp:term":[{"taxonomy":"product_cat","embeddable":true,"href":"https:\/\/www.sport4club.be\/index.php\/wp-json\/wp\/v2\/product_cat?post=5167"},{"taxonomy":"product_tag","embeddable":true,"href":"https:\/\/www.sport4club.be\/index.php\/wp-json\/wp\/v2\/product_tag?post=5167"}],"curies":[{"name":"wp","href":"https:\/\/api.w.org\/{rel}","templated":true}]}}