{"id":5165,"date":"2018-11-16T11:37:01","date_gmt":"2018-11-16T10:37:01","guid":{"rendered":"https:\/\/www.sport4club.be\/index.php\/product\/signum-pro-thunderstorm-200m\/"},"modified":"2018-11-21T20:14:26","modified_gmt":"2018-11-21T19:14:26","slug":"signum-pro-thunderstorm-200m","status":"publish","type":"product","link":"https:\/\/www.sport4club.be\/index.php\/product\/signum-pro-thunderstorm-200m\/","title":{"rendered":"Signum Pro THUNDERSTORM 200M"},"content":{"rendered":"<p><em>Ce cordage Signum Pro Thunderstorm 10 faces \u00e0 structure twist\u00e9e dans l&#8217;axe vous apporte :<\/em><\/p>\n<p><em>&#8211; un super effet &#8211; un excellent contr\u00f4le<\/em><\/p>\n<p><em>&#8211; une puissance exceptionnelle<\/em><\/p>\n<p><em>&#8211; une bonne jouabilit\u00e9<\/em><\/p>\n<p><em>&#8211; une perte de tension minimum<\/em><\/p>\n<p><em>&#8211; une grande durabilit\u00e9 \u00c9tant donn\u00e9 la perte de tension minime, Signum Pro vous conseille de corder avec 10% de tension en moins que votre tension habituelle.<\/em><\/p>\n","protected":false},"excerpt":{"rendered":"<p>Ce cordage Signum Pro Thunderstorm 10 faces \u00e0 structure twist\u00e9e dans l&#8217;axe vous apporte : &#8211; un super effet &#8211; un excellent contr\u00f4le &#8211; une puissance exceptionnelle &#8211; une bonne jouabilit\u00e9 &#8211; une perte de tension minimum &#8211; une grande durabilit\u00e9 \u00c9tant donn\u00e9 la perte de tension minime, Signum Pro vous conseille de corder avec [&hellip;]<\/p>\n","protected":false},"featured_media":5166,"comment_status":"open","ping_status":"closed","template":"","meta":[],"product_cat":[108],"product_tag":[],"_links":{"self":[{"href":"https:\/\/www.sport4club.be\/index.php\/wp-json\/wp\/v2\/product\/5165"}],"collection":[{"href":"https:\/\/www.sport4club.be\/index.php\/wp-json\/wp\/v2\/product"}],"about":[{"href":"https:\/\/www.sport4club.be\/index.php\/wp-json\/wp\/v2\/types\/product"}],"replies":[{"embeddable":true,"href":"https:\/\/www.sport4club.be\/index.php\/wp-json\/wp\/v2\/comments?post=5165"}],"wp:featuredmedia":[{"embeddable":true,"href":"https:\/\/www.sport4club.be\/index.php\/wp-json\/wp\/v2\/media\/5166"}],"wp:attachment":[{"href":"https:\/\/www.sport4club.be\/index.php\/wp-json\/wp\/v2\/media?parent=5165"}],"wp:term":[{"taxonomy":"product_cat","embeddable":true,"href":"https:\/\/www.sport4club.be\/index.php\/wp-json\/wp\/v2\/product_cat?post=5165"},{"taxonomy":"product_tag","embeddable":true,"href":"https:\/\/www.sport4club.be\/index.php\/wp-json\/wp\/v2\/product_tag?post=5165"}],"curies":[{"name":"wp","href":"https:\/\/api.w.org\/{rel}","templated":true}]}}