{"id":5157,"date":"2018-11-16T11:36:57","date_gmt":"2018-11-16T10:36:57","guid":{"rendered":"https:\/\/www.sport4club.be\/index.php\/product\/signum-pro-fibrecore\/"},"modified":"2018-11-21T11:01:28","modified_gmt":"2018-11-21T10:01:28","slug":"signum-pro-fibrecore","status":"publish","type":"product","link":"https:\/\/www.sport4club.be\/index.php\/product\/signum-pro-fibrecore\/","title":{"rendered":"Signum Pro FIBRECORE"},"content":{"rendered":"<p><em>Compos\u00e9 de nombreuses fibres flexibles, ce cordage est id\u00e9al pour les joueurs \u00e0 la recherche de beaucoup de confort. Il s&#8217;agit aussi d&#8217;une bonne option pour les joueurs qui veulent amortir les vibrations d&#8217;une raquette plus l\u00e9g\u00e8re et rigide.\u00a0Gr\u00e2ce \u00e0 la gaine sp\u00e9ciale basse friction, Fibercore a \u00e9t\u00e9 con\u00e7u pour durer plus longtemps qu&#8217;un multifilament habituel.\u00a0Il offre \u00e9galement une r\u00e9silience du cordage pour un non-polyester ce qui devrait g\u00e9n\u00e9rer plus d&#8217;effets.\u00a0Pour r\u00e9sumer, il s&#8217;agit d&#8217;une option id\u00e9ale pour les joueurs qui cherchent de la puissance et du confort.<\/em><\/p>\n","protected":false},"excerpt":{"rendered":"<p>Compos\u00e9 de nombreuses fibres flexibles, ce cordage est id\u00e9al pour les joueurs \u00e0 la recherche de beaucoup de confort. Il s&#8217;agit aussi d&#8217;une bonne option pour les joueurs qui veulent amortir les vibrations d&#8217;une raquette plus l\u00e9g\u00e8re et rigide.\u00a0Gr\u00e2ce \u00e0 la gaine sp\u00e9ciale basse friction, Fibercore a \u00e9t\u00e9 con\u00e7u pour durer plus longtemps qu&#8217;un multifilament [&hellip;]<\/p>\n","protected":false},"featured_media":9898,"comment_status":"open","ping_status":"closed","template":"","meta":[],"product_cat":[108],"product_tag":[],"_links":{"self":[{"href":"https:\/\/www.sport4club.be\/index.php\/wp-json\/wp\/v2\/product\/5157"}],"collection":[{"href":"https:\/\/www.sport4club.be\/index.php\/wp-json\/wp\/v2\/product"}],"about":[{"href":"https:\/\/www.sport4club.be\/index.php\/wp-json\/wp\/v2\/types\/product"}],"replies":[{"embeddable":true,"href":"https:\/\/www.sport4club.be\/index.php\/wp-json\/wp\/v2\/comments?post=5157"}],"wp:featuredmedia":[{"embeddable":true,"href":"https:\/\/www.sport4club.be\/index.php\/wp-json\/wp\/v2\/media\/9898"}],"wp:attachment":[{"href":"https:\/\/www.sport4club.be\/index.php\/wp-json\/wp\/v2\/media?parent=5157"}],"wp:term":[{"taxonomy":"product_cat","embeddable":true,"href":"https:\/\/www.sport4club.be\/index.php\/wp-json\/wp\/v2\/product_cat?post=5157"},{"taxonomy":"product_tag","embeddable":true,"href":"https:\/\/www.sport4club.be\/index.php\/wp-json\/wp\/v2\/product_tag?post=5157"}],"curies":[{"name":"wp","href":"https:\/\/api.w.org\/{rel}","templated":true}]}}