{"id":5147,"date":"2018-11-16T11:36:56","date_gmt":"2018-11-16T10:36:56","guid":{"rendered":"https:\/\/www.sport4club.be\/index.php\/product\/signum-pro-x-perience-200m\/"},"modified":"2018-11-21T20:32:39","modified_gmt":"2018-11-21T19:32:39","slug":"signum-pro-x-perience-200m","status":"publish","type":"product","link":"https:\/\/www.sport4club.be\/index.php\/product\/signum-pro-x-perience-200m\/","title":{"rendered":"Signum Pro X-PERIENCE 200M"},"content":{"rendered":"<p><em>Rajouter du fun \u00e0 votre raquette en adoptant ce cordage performant\u00a0Signum Pro X-Perience. Adeptes des cordages polyvalent offrant une bonne prise d&#8217;effet, vous serez conquis par ce monofilament.<\/em><\/p>\n<p><em>Ce cordage est un monofilament en co-polyester qui vous apportera un maximum de contr\u00f4le sur des frappes \u00e0 pleine puissance gr\u00e2ce, notamment, \u00e0 sa structure qui favorisera l&#8217;accroche de la balle. Semi-rigide, il apporte \u00e9norm\u00e9ment de contr\u00f4le sans pour autant annihiler totalement la puissance. Les joueurs \u00e0 la puissance intrins\u00e8que devraient se r\u00e9galer.\u00a0<\/em><\/p>\n","protected":false},"excerpt":{"rendered":"<p>Rajouter du fun \u00e0 votre raquette en adoptant ce cordage performant\u00a0Signum Pro X-Perience. Adeptes des cordages polyvalent offrant une bonne prise d&#8217;effet, vous serez conquis par ce monofilament. Ce cordage est un monofilament en co-polyester qui vous apportera un maximum de contr\u00f4le sur des frappes \u00e0 pleine puissance gr\u00e2ce, notamment, \u00e0 sa structure qui favorisera [&hellip;]<\/p>\n","protected":false},"featured_media":5148,"comment_status":"open","ping_status":"closed","template":"","meta":[],"product_cat":[108],"product_tag":[],"_links":{"self":[{"href":"https:\/\/www.sport4club.be\/index.php\/wp-json\/wp\/v2\/product\/5147"}],"collection":[{"href":"https:\/\/www.sport4club.be\/index.php\/wp-json\/wp\/v2\/product"}],"about":[{"href":"https:\/\/www.sport4club.be\/index.php\/wp-json\/wp\/v2\/types\/product"}],"replies":[{"embeddable":true,"href":"https:\/\/www.sport4club.be\/index.php\/wp-json\/wp\/v2\/comments?post=5147"}],"wp:featuredmedia":[{"embeddable":true,"href":"https:\/\/www.sport4club.be\/index.php\/wp-json\/wp\/v2\/media\/5148"}],"wp:attachment":[{"href":"https:\/\/www.sport4club.be\/index.php\/wp-json\/wp\/v2\/media?parent=5147"}],"wp:term":[{"taxonomy":"product_cat","embeddable":true,"href":"https:\/\/www.sport4club.be\/index.php\/wp-json\/wp\/v2\/product_cat?post=5147"},{"taxonomy":"product_tag","embeddable":true,"href":"https:\/\/www.sport4club.be\/index.php\/wp-json\/wp\/v2\/product_tag?post=5147"}],"curies":[{"name":"wp","href":"https:\/\/api.w.org\/{rel}","templated":true}]}}