{"id":5144,"date":"2018-11-16T11:36:54","date_gmt":"2018-11-16T10:36:54","guid":{"rendered":"https:\/\/www.sport4club.be\/index.php\/product\/luxilon-adrenaline-platinum-200m\/"},"modified":"2026-04-12T22:05:05","modified_gmt":"2026-04-12T20:05:05","slug":"luxilon-adrenaline-platinum-200m","status":"publish","type":"product","link":"https:\/\/www.sport4club.be\/index.php\/product\/luxilon-adrenaline-platinum-200m\/","title":{"rendered":"Luxilon ADRENALINE (200M)"},"content":{"rendered":"<p><em>Le cordage de Tennis Luxilon Adrenaline est ultra puissant.\u00a0<\/em><\/p>\n<p><em>Il sera id\u00e9al pour les joueurs offensifs qui frappe tr\u00e8s fort.<span class=\"apple-converted-space\">\u00a0Tr\u00e8s bon compromis entre puissance et pr\u00e9cision. Prix tr\u00e8s abordable.<\/span><\/em><\/p>\n<p><em>Vendu en bobine de 200m<\/em><\/p>\n","protected":false},"excerpt":{"rendered":"<p>Le cordage de Tennis Luxilon Adrenaline est ultra puissant.\u00a0 Il sera id\u00e9al pour les joueurs offensifs qui frappe tr\u00e8s fort.\u00a0Tr\u00e8s bon compromis entre puissance et pr\u00e9cision. Prix tr\u00e8s abordable. Vendu en bobine de 200m<\/p>\n","protected":false},"featured_media":9846,"comment_status":"open","ping_status":"closed","template":"","meta":[],"product_cat":[108],"product_tag":[],"_links":{"self":[{"href":"https:\/\/www.sport4club.be\/index.php\/wp-json\/wp\/v2\/product\/5144"}],"collection":[{"href":"https:\/\/www.sport4club.be\/index.php\/wp-json\/wp\/v2\/product"}],"about":[{"href":"https:\/\/www.sport4club.be\/index.php\/wp-json\/wp\/v2\/types\/product"}],"replies":[{"embeddable":true,"href":"https:\/\/www.sport4club.be\/index.php\/wp-json\/wp\/v2\/comments?post=5144"}],"wp:featuredmedia":[{"embeddable":true,"href":"https:\/\/www.sport4club.be\/index.php\/wp-json\/wp\/v2\/media\/9846"}],"wp:attachment":[{"href":"https:\/\/www.sport4club.be\/index.php\/wp-json\/wp\/v2\/media?parent=5144"}],"wp:term":[{"taxonomy":"product_cat","embeddable":true,"href":"https:\/\/www.sport4club.be\/index.php\/wp-json\/wp\/v2\/product_cat?post=5144"},{"taxonomy":"product_tag","embeddable":true,"href":"https:\/\/www.sport4club.be\/index.php\/wp-json\/wp\/v2\/product_tag?post=5144"}],"curies":[{"name":"wp","href":"https:\/\/api.w.org\/{rel}","templated":true}]}}