{"id":5140,"date":"2018-11-16T11:36:53","date_gmt":"2018-11-16T10:36:53","guid":{"rendered":"https:\/\/www.sport4club.be\/index.php\/product\/luxilon-4g-soft-gold-200m\/"},"modified":"2023-10-30T11:09:32","modified_gmt":"2023-10-30T10:09:32","slug":"luxilon-4g-soft-gold-200m","status":"publish","type":"product","link":"https:\/\/www.sport4club.be\/index.php\/product\/luxilon-4g-soft-gold-200m\/","title":{"rendered":"Luxilon 4G SOFT (200M)"},"content":{"rendered":"<p>Le cordage Luxilon 4G Soft est un mono filament de couleur or que l&#8217;on range dans la gamme des mono souple.<\/p>\n<p>En effet, cette corde \u00e0 section ronde est un d\u00e9riv\u00e9 du Luxilon 4G dans une forme assouplie. N\u00e9anmoins, elle demeure toujours aussi performante en terme de tenue de tension.<\/p>\n<p>De plus, son cot\u00e9 tendre se traduit par une r\u00e9serve de puissance importante.<\/p>\n<p>Aussi, il offre beaucoup de confort et de tol\u00e9rance sur cette version Soft.<\/p>\n<p>Nous conseillons le cordage Luxilon 4G Soft aux joueurs \u00e0 la recherche de puissance ainsi qu&#8217;un dwelltime prolong\u00e9. Le tout avec une excellente tenue de tension.<\/p>\n<p>Cette corde va davantage convenir \u00e0 des joueurs qui veulent mettre plus d&#8217;impact dans leur jeu. Mais \u00e9galement aux joueurs qui aiment jouer en toucher. Vous appr\u00e9cierez sa tenue de tension dans le temps car ses qualit\u00e9s ne se d\u00e9gradent pas dans le temps.<\/p>\n","protected":false},"excerpt":{"rendered":"<p>Le cordage Luxilon 4G Soft est un mono filament de couleur or que l&#8217;on range dans la gamme des mono souple. En effet, cette corde \u00e0 section ronde est un d\u00e9riv\u00e9 du Luxilon 4G dans une forme assouplie. N\u00e9anmoins, elle demeure toujours aussi performante en terme de tenue de tension. De plus, son cot\u00e9 tendre [&hellip;]<\/p>\n","protected":false},"featured_media":5141,"comment_status":"open","ping_status":"closed","template":"","meta":[],"product_cat":[108],"product_tag":[],"_links":{"self":[{"href":"https:\/\/www.sport4club.be\/index.php\/wp-json\/wp\/v2\/product\/5140"}],"collection":[{"href":"https:\/\/www.sport4club.be\/index.php\/wp-json\/wp\/v2\/product"}],"about":[{"href":"https:\/\/www.sport4club.be\/index.php\/wp-json\/wp\/v2\/types\/product"}],"replies":[{"embeddable":true,"href":"https:\/\/www.sport4club.be\/index.php\/wp-json\/wp\/v2\/comments?post=5140"}],"wp:featuredmedia":[{"embeddable":true,"href":"https:\/\/www.sport4club.be\/index.php\/wp-json\/wp\/v2\/media\/5141"}],"wp:attachment":[{"href":"https:\/\/www.sport4club.be\/index.php\/wp-json\/wp\/v2\/media?parent=5140"}],"wp:term":[{"taxonomy":"product_cat","embeddable":true,"href":"https:\/\/www.sport4club.be\/index.php\/wp-json\/wp\/v2\/product_cat?post=5140"},{"taxonomy":"product_tag","embeddable":true,"href":"https:\/\/www.sport4club.be\/index.php\/wp-json\/wp\/v2\/product_tag?post=5140"}],"curies":[{"name":"wp","href":"https:\/\/api.w.org\/{rel}","templated":true}]}}