{"id":5138,"date":"2018-11-16T11:36:53","date_gmt":"2018-11-16T10:36:53","guid":{"rendered":"https:\/\/www.sport4club.be\/index.php\/product\/luxilon-4g-rough-gold-200m\/"},"modified":"2023-10-30T11:13:20","modified_gmt":"2023-10-30T10:13:20","slug":"luxilon-4g-rough-gold-200m","status":"publish","type":"product","link":"https:\/\/www.sport4club.be\/index.php\/product\/luxilon-4g-rough-gold-200m\/","title":{"rendered":"Luxilon 4G ROUGH (200M)"},"content":{"rendered":"<p>Le cordage Luxilon 4G Rough est un mono filament de forme rugueuse. En effet, tout comme le Luxilon 4G, il met l&#8217;accent sur une excellente tenue de tension et un tr\u00e8s bon toucher de balle.<\/p>\n<p>Aussi sa section spiral\u00e9 va offrir \u00e0 ces utilisateurs plus d&#8217;accroche de balle que sur la version classique. De plus, la prise d&#8217;effet de cette version va permettre aux joueurs de lib\u00e9rer davantage de puissance \u00e0 la frappe.<\/p>\n<p>Luxilon a conserv\u00e9 le coloris or de la corde comme pour le 4G.<\/p>\n<p>Sa forme rugueuse permet d&#8217;offrir plus de rotation \u00e0 la balle pour des effets amplifi\u00e9s. Les chopes de revers sont ainsi plus rasants.<\/p>\n<p>On peut conseiller ce cordage \u00e0 un large panel de comp\u00e9titeurs.<\/p>\n<p>Tout simplement car cette corde donne satisfaction de part son rendement et sa polyvalence.<\/p>\n<p>Il conviendra moins aux joueurs qui ont des trajectoires \u00e0 plat et qui recherche contr\u00f4le et durabilit\u00e9.<\/p>\n","protected":false},"excerpt":{"rendered":"<p>Le cordage Luxilon 4G Rough est un mono filament de forme rugueuse. En effet, tout comme le Luxilon 4G, il met l&#8217;accent sur une excellente tenue de tension et un tr\u00e8s bon toucher de balle. Aussi sa section spiral\u00e9 va offrir \u00e0 ces utilisateurs plus d&#8217;accroche de balle que sur la version classique. De plus, [&hellip;]<\/p>\n","protected":false},"featured_media":5139,"comment_status":"open","ping_status":"closed","template":"","meta":[],"product_cat":[108],"product_tag":[],"_links":{"self":[{"href":"https:\/\/www.sport4club.be\/index.php\/wp-json\/wp\/v2\/product\/5138"}],"collection":[{"href":"https:\/\/www.sport4club.be\/index.php\/wp-json\/wp\/v2\/product"}],"about":[{"href":"https:\/\/www.sport4club.be\/index.php\/wp-json\/wp\/v2\/types\/product"}],"replies":[{"embeddable":true,"href":"https:\/\/www.sport4club.be\/index.php\/wp-json\/wp\/v2\/comments?post=5138"}],"wp:featuredmedia":[{"embeddable":true,"href":"https:\/\/www.sport4club.be\/index.php\/wp-json\/wp\/v2\/media\/5139"}],"wp:attachment":[{"href":"https:\/\/www.sport4club.be\/index.php\/wp-json\/wp\/v2\/media?parent=5138"}],"wp:term":[{"taxonomy":"product_cat","embeddable":true,"href":"https:\/\/www.sport4club.be\/index.php\/wp-json\/wp\/v2\/product_cat?post=5138"},{"taxonomy":"product_tag","embeddable":true,"href":"https:\/\/www.sport4club.be\/index.php\/wp-json\/wp\/v2\/product_tag?post=5138"}],"curies":[{"name":"wp","href":"https:\/\/api.w.org\/{rel}","templated":true}]}}