{"id":5128,"date":"2018-11-16T11:36:48","date_gmt":"2018-11-16T10:36:48","guid":{"rendered":"https:\/\/www.sport4club.be\/index.php\/product\/luxilon-big-banger-timo-silver-220m\/"},"modified":"2023-10-30T10:31:40","modified_gmt":"2023-10-30T09:31:40","slug":"luxilon-big-banger-timo-silver-220m","status":"publish","type":"product","link":"https:\/\/www.sport4club.be\/index.php\/product\/luxilon-big-banger-timo-silver-220m\/","title":{"rendered":"Luxilon TIMO (200M)"},"content":{"rendered":"<p>Le cordage\u00a0<strong>Luxilon Timo<\/strong>\u00a0est un monofilament proposant deux jauges fines : 1,10 et 1,17 qui offre un maximum de pr\u00e9cision, de toucher de balle ainsi qu&#8217;une grande r\u00e9activit\u00e9.<\/p>\n<p>Si vous \u00eates adepte des jauges fines pour obtenir le meilleur toucher de balle alors nul doute que ce cordage vous satisfera. Il sera \u00e9galement id\u00e9al si vous aimez les cordages r\u00e9actifs avec une bonne tenue de tension et jouabilit\u00e9 dans le temps.<\/p>\n<p>Il sera parfait entre les mains d&#8217;un serveur\/volleyeur mais \u00e9galement entre les mains des joueurs jouant tout en toucher!<\/p>\n","protected":false},"excerpt":{"rendered":"<p>Le cordage\u00a0Luxilon Timo\u00a0est un monofilament proposant deux jauges fines : 1,10 et 1,17 qui offre un maximum de pr\u00e9cision, de toucher de balle ainsi qu&#8217;une grande r\u00e9activit\u00e9. Si vous \u00eates adepte des jauges fines pour obtenir le meilleur toucher de balle alors nul doute que ce cordage vous satisfera. Il sera \u00e9galement id\u00e9al si vous [&hellip;]<\/p>\n","protected":false},"featured_media":5129,"comment_status":"open","ping_status":"closed","template":"","meta":[],"product_cat":[108],"product_tag":[],"_links":{"self":[{"href":"https:\/\/www.sport4club.be\/index.php\/wp-json\/wp\/v2\/product\/5128"}],"collection":[{"href":"https:\/\/www.sport4club.be\/index.php\/wp-json\/wp\/v2\/product"}],"about":[{"href":"https:\/\/www.sport4club.be\/index.php\/wp-json\/wp\/v2\/types\/product"}],"replies":[{"embeddable":true,"href":"https:\/\/www.sport4club.be\/index.php\/wp-json\/wp\/v2\/comments?post=5128"}],"wp:featuredmedia":[{"embeddable":true,"href":"https:\/\/www.sport4club.be\/index.php\/wp-json\/wp\/v2\/media\/5129"}],"wp:attachment":[{"href":"https:\/\/www.sport4club.be\/index.php\/wp-json\/wp\/v2\/media?parent=5128"}],"wp:term":[{"taxonomy":"product_cat","embeddable":true,"href":"https:\/\/www.sport4club.be\/index.php\/wp-json\/wp\/v2\/product_cat?post=5128"},{"taxonomy":"product_tag","embeddable":true,"href":"https:\/\/www.sport4club.be\/index.php\/wp-json\/wp\/v2\/product_tag?post=5128"}],"curies":[{"name":"wp","href":"https:\/\/api.w.org\/{rel}","templated":true}]}}