{"id":5126,"date":"2018-11-16T11:36:48","date_gmt":"2018-11-16T10:36:48","guid":{"rendered":"https:\/\/www.sport4club.be\/index.php\/product\/luxilon-big-banger-alu-power-spin-silver-220m\/"},"modified":"2023-10-30T10:21:26","modified_gmt":"2023-10-30T09:21:26","slug":"luxilon-big-banger-alu-power-spin-silver-220m","status":"publish","type":"product","link":"https:\/\/www.sport4club.be\/index.php\/product\/luxilon-big-banger-alu-power-spin-silver-220m\/","title":{"rendered":"Luxilon ALU POWER SPIN (220M)"},"content":{"rendered":"<p>Le cordage<strong>\u00a0Luxilon Alu Power Spin<\/strong>\u00a0est une version structur\u00e9 du cordage le plus utilis\u00e9 sur le tour : le Big Banger. Si sa composition est identique, l&#8217;Alu Power Spin est de forme pentagonale pour une meilleure accroche de balle.<\/p>\n<p>Ainsi vous conservez tous les bienfaits du Luxilon Alu Power en am\u00e9liorant la prise d&#8217;effets et le contr\u00f4le de balle.<\/p>\n<p>Cette d\u00e9clinaison de la gamme Luxilon vous offre donc un mix parfait entre lift, pr\u00e9cision et feeling \u00e0 la frappe.<\/p>\n<p>On retrouve uniquement cette corde dans une jauge 1.27 de sorte \u00e0 maximiser sa dur\u00e9e de vie.<\/p>\n<p>Les joueurs adeptes du Best seller de chez Luxilon, qui souhaitent augmenter la rotation de la balle vont adorer cet opus. Les lifteurs puissants \u00e0 la recherchent de contr\u00f4le et d&#8217;un excellent rapport effets\/sensations<\/p>\n<p>Aussi performant en phase de neutralisation, qu&#8217;en phase d&#8217;attaque l&#8217;Alu Power Spin s\u00e9duit un large public. Il faudra cependant une bonne vitesse de bras pour l&#8217;exploiter pleinement<\/p>\n<p>On peut cibler plusieurs types de joueurs pouvant se retrouver dans ce produit.<\/p>\n<p>Dans un premier temps, en terme de sensation, il s&#8217;agira de comp\u00e9titeurs qui appr\u00e9cient les cordages assez rigides.<\/p>\n<p>Lifteurs de fond de court, vous tenez l\u00e0 une arme fatale dans votre jeu !<\/p>\n<p>En effet, l&#8217;Alu Power Spin vous permettra d&#8217;obtenir plus de lourdeur de balle lors de la construction des points et de repousser votre adversaire.<\/p>\n<p>Ce cordage sera \u00e9galement adapt\u00e9e pour les gros frappeurs qui trouveront un super dosage entre contr\u00f4le et pr\u00e9cision. Ils pourront l\u00e2cher leurs coups sans craindre de faire sortir la balle des limites du terrain.<\/p>\n<p>Et surtout avec une bonne vitesse de bras, le rendement du cordage vous r\u00e9serve de bonnes surprises en terme de puissance.<\/p>\n<p>&nbsp;<\/p>\n","protected":false},"excerpt":{"rendered":"<p>Le cordage\u00a0Luxilon Alu Power Spin\u00a0est une version structur\u00e9 du cordage le plus utilis\u00e9 sur le tour : le Big Banger. Si sa composition est identique, l&#8217;Alu Power Spin est de forme pentagonale pour une meilleure accroche de balle. Ainsi vous conservez tous les bienfaits du Luxilon Alu Power en am\u00e9liorant la prise d&#8217;effets et le [&hellip;]<\/p>\n","protected":false},"featured_media":5127,"comment_status":"open","ping_status":"closed","template":"","meta":[],"product_cat":[108],"product_tag":[],"_links":{"self":[{"href":"https:\/\/www.sport4club.be\/index.php\/wp-json\/wp\/v2\/product\/5126"}],"collection":[{"href":"https:\/\/www.sport4club.be\/index.php\/wp-json\/wp\/v2\/product"}],"about":[{"href":"https:\/\/www.sport4club.be\/index.php\/wp-json\/wp\/v2\/types\/product"}],"replies":[{"embeddable":true,"href":"https:\/\/www.sport4club.be\/index.php\/wp-json\/wp\/v2\/comments?post=5126"}],"wp:featuredmedia":[{"embeddable":true,"href":"https:\/\/www.sport4club.be\/index.php\/wp-json\/wp\/v2\/media\/5127"}],"wp:attachment":[{"href":"https:\/\/www.sport4club.be\/index.php\/wp-json\/wp\/v2\/media?parent=5126"}],"wp:term":[{"taxonomy":"product_cat","embeddable":true,"href":"https:\/\/www.sport4club.be\/index.php\/wp-json\/wp\/v2\/product_cat?post=5126"},{"taxonomy":"product_tag","embeddable":true,"href":"https:\/\/www.sport4club.be\/index.php\/wp-json\/wp\/v2\/product_tag?post=5126"}],"curies":[{"name":"wp","href":"https:\/\/api.w.org\/{rel}","templated":true}]}}