{"id":5120,"date":"2018-11-16T11:36:47","date_gmt":"2018-11-16T10:36:47","guid":{"rendered":"https:\/\/www.sport4club.be\/index.php\/product\/luxilon-big-banger-alu-power-soft-silver-200m\/"},"modified":"2023-10-30T10:13:13","modified_gmt":"2023-10-30T09:13:13","slug":"luxilon-big-banger-alu-power-soft-silver-200m","status":"publish","type":"product","link":"https:\/\/www.sport4club.be\/index.php\/product\/luxilon-big-banger-alu-power-soft-silver-200m\/","title":{"rendered":"Luxilon ALU POWER SOFT (200M)"},"content":{"rendered":"<p>Le cordage en bobine Luxilon Alu Power Soft vous est pr\u00e9sent\u00e9 dans une version plus souple que le fameux Alu Power.<\/p>\n<p>Ainsi vous conservez tous les bienfaits du Big Banger Alu Power en am\u00e9liorant nettement la\u00a0<strong>puissance<\/strong>\u00a0\u00e0 la frappe.<\/p>\n<p>Concernant le\u00a0<strong>toucher de balle<\/strong>, les sensations sont plus tendre. Ce qui signifie un temps de contact balles cordage prolong\u00e9 pour garder le contr\u00f4le.<\/p>\n<p>Cette d\u00e9clinaison de la gamme Luxilon vous offre donc un mixte parfait entre\u00a0<strong>puissance et feeling<\/strong>\u00a0\u00e0 la frappe. Ce qui fait la diff\u00e9rence, c&#8217;est que celui-ci est bien plus agr\u00e9able pour le bras que la version classique.<\/p>\n<p>Le cordage Luxilon Alu Power Soft offre une puissance explosive \u00e0 l&#8217;impact de balle. Difficile de croire qu&#8217;il s&#8217;agit une jauge 1,25! Vous serez donc surpris par la puissance qu&#8217;il d\u00e9gage. Le contr\u00f4le de balle est nettement en retrait. Id\u00e9al donc pour les joueurs \u00e0 la recherche d&#8217;un cordage qui offre le maximum de puissance!<\/p>\n<p>Sa prise d&#8217;effet est classique comme la majorit\u00e9 des monofilaments de forme ronde.<\/p>\n<p>Contrairement \u00e0 l&#8217;Alu Power, cette version Soft est tr\u00e8s confortable et surtout tr\u00e8s tol\u00e9rante. M\u00eame sur les d\u00e9centrages, la balle repart vite et sans mauvaises vibrations pour votre avant bras.<\/p>\n<p>La r\u00e9sistance est dans la moyenne. Cependant, la tenue de tension est assez bonne et nous avons not\u00e9 une perte de sensation lin\u00e9aire au fil des heures et non brutal comme certaines r\u00e9f\u00e9rences concurrentes.<\/p>\n<p>Ce cordage conviendra davantage aux joueurs souhaitant plus de vitesse de balle dans leurs jeux. En effet, sa puissance vous permettra d&#8217;abr\u00e9ger les \u00e9changes.<\/p>\n<p>Il plaira \u00e9galement \u00e9norm\u00e9ment \u00e0 celles et ceux qui adorent la variation et qui pratiquent le jeu en toucher.<\/p>\n","protected":false},"excerpt":{"rendered":"<p>Le cordage en bobine Luxilon Alu Power Soft vous est pr\u00e9sent\u00e9 dans une version plus souple que le fameux Alu Power. Ainsi vous conservez tous les bienfaits du Big Banger Alu Power en am\u00e9liorant nettement la\u00a0puissance\u00a0\u00e0 la frappe. Concernant le\u00a0toucher de balle, les sensations sont plus tendre. Ce qui signifie un temps de contact balles [&hellip;]<\/p>\n","protected":false},"featured_media":5121,"comment_status":"open","ping_status":"closed","template":"","meta":[],"product_cat":[108],"product_tag":[],"_links":{"self":[{"href":"https:\/\/www.sport4club.be\/index.php\/wp-json\/wp\/v2\/product\/5120"}],"collection":[{"href":"https:\/\/www.sport4club.be\/index.php\/wp-json\/wp\/v2\/product"}],"about":[{"href":"https:\/\/www.sport4club.be\/index.php\/wp-json\/wp\/v2\/types\/product"}],"replies":[{"embeddable":true,"href":"https:\/\/www.sport4club.be\/index.php\/wp-json\/wp\/v2\/comments?post=5120"}],"wp:featuredmedia":[{"embeddable":true,"href":"https:\/\/www.sport4club.be\/index.php\/wp-json\/wp\/v2\/media\/5121"}],"wp:attachment":[{"href":"https:\/\/www.sport4club.be\/index.php\/wp-json\/wp\/v2\/media?parent=5120"}],"wp:term":[{"taxonomy":"product_cat","embeddable":true,"href":"https:\/\/www.sport4club.be\/index.php\/wp-json\/wp\/v2\/product_cat?post=5120"},{"taxonomy":"product_tag","embeddable":true,"href":"https:\/\/www.sport4club.be\/index.php\/wp-json\/wp\/v2\/product_tag?post=5120"}],"curies":[{"name":"wp","href":"https:\/\/api.w.org\/{rel}","templated":true}]}}