{"id":5118,"date":"2018-11-16T11:36:47","date_gmt":"2018-11-16T10:36:47","guid":{"rendered":"https:\/\/www.sport4club.be\/index.php\/product\/luxilon-big-banger-alu-power-rough-silver-220m\/"},"modified":"2023-10-30T09:30:54","modified_gmt":"2023-10-30T08:30:54","slug":"luxilon-big-banger-alu-power-rough-silver-220m","status":"publish","type":"product","link":"https:\/\/www.sport4club.be\/index.php\/product\/luxilon-big-banger-alu-power-rough-silver-220m\/","title":{"rendered":"Luxilon ALU POWER ROUGH (220M)"},"content":{"rendered":"<p><em><strong>Le cordage de tennis monofilament Alu Power est le plus populaire du circuit ATP !\u00a0<\/strong><\/em><\/p>\n<p><em>Cette version &#8220;rough&#8221; apporte une prise d&#8217;effets maximale tout en conservant les propri\u00e9t\u00e9s du Big Banger \u00e0 savoir du rendement et de la tenue de tension !<\/em><\/p>\n<p><em>Un des meilleur cordage co-polyester du march\u00e9 !<\/em><\/p>\n<p><em>Vendu en bobine de 220m<\/em><\/p>\n","protected":false},"excerpt":{"rendered":"<p>Le cordage de tennis monofilament Alu Power est le plus populaire du circuit ATP !\u00a0 Cette version &#8220;rough&#8221; apporte une prise d&#8217;effets maximale tout en conservant les propri\u00e9t\u00e9s du Big Banger \u00e0 savoir du rendement et de la tenue de tension ! Un des meilleur cordage co-polyester du march\u00e9 ! Vendu en bobine de 220m<\/p>\n","protected":false},"featured_media":5119,"comment_status":"open","ping_status":"closed","template":"","meta":[],"product_cat":[108],"product_tag":[],"_links":{"self":[{"href":"https:\/\/www.sport4club.be\/index.php\/wp-json\/wp\/v2\/product\/5118"}],"collection":[{"href":"https:\/\/www.sport4club.be\/index.php\/wp-json\/wp\/v2\/product"}],"about":[{"href":"https:\/\/www.sport4club.be\/index.php\/wp-json\/wp\/v2\/types\/product"}],"replies":[{"embeddable":true,"href":"https:\/\/www.sport4club.be\/index.php\/wp-json\/wp\/v2\/comments?post=5118"}],"wp:featuredmedia":[{"embeddable":true,"href":"https:\/\/www.sport4club.be\/index.php\/wp-json\/wp\/v2\/media\/5119"}],"wp:attachment":[{"href":"https:\/\/www.sport4club.be\/index.php\/wp-json\/wp\/v2\/media?parent=5118"}],"wp:term":[{"taxonomy":"product_cat","embeddable":true,"href":"https:\/\/www.sport4club.be\/index.php\/wp-json\/wp\/v2\/product_cat?post=5118"},{"taxonomy":"product_tag","embeddable":true,"href":"https:\/\/www.sport4club.be\/index.php\/wp-json\/wp\/v2\/product_tag?post=5118"}],"curies":[{"name":"wp","href":"https:\/\/api.w.org\/{rel}","templated":true}]}}