{"id":5112,"date":"2018-11-16T11:36:46","date_gmt":"2018-11-16T10:36:46","guid":{"rendered":"https:\/\/www.sport4club.be\/index.php\/product\/luxilon-big-banger-alu-power-silver-220m\/"},"modified":"2024-05-13T09:07:15","modified_gmt":"2024-05-13T07:07:15","slug":"luxilon-big-banger-alu-power-silver-220m","status":"publish","type":"product","link":"https:\/\/www.sport4club.be\/index.php\/product\/luxilon-big-banger-alu-power-silver-220m\/","title":{"rendered":"Luxilon ALU POWER (200M)"},"content":{"rendered":"<p><em>Le cordage de tennis monofilament Big Banger Technology:\u00a0 Alu Power est le plus populaire du circuit ATP !\u00a0<\/em><\/p>\n<p><em>Ce cordage apporte \u00e9norm\u00e9ment de contr\u00f4le de balle et de pr\u00e9cision avec une prise d&#8217;effet accentu\u00e9e ! Il ne perd quasiment pas de tension !!!!!<\/em><\/p>\n<p><em>Un des meilleur cordage co-polyester du march\u00e9 !<\/em><\/p>\n<p><em>\u00a0<\/em><\/p>\n","protected":false},"excerpt":{"rendered":"<p>Le cordage de tennis monofilament Big Banger Technology:\u00a0 Alu Power est le plus populaire du circuit ATP !\u00a0 Ce cordage apporte \u00e9norm\u00e9ment de contr\u00f4le de balle et de pr\u00e9cision avec une prise d&#8217;effet accentu\u00e9e ! Il ne perd quasiment pas de tension !!!!! Un des meilleur cordage co-polyester du march\u00e9 ! \u00a0<\/p>\n","protected":false},"featured_media":5113,"comment_status":"open","ping_status":"closed","template":"","meta":[],"product_cat":[108,786],"product_tag":[],"_links":{"self":[{"href":"https:\/\/www.sport4club.be\/index.php\/wp-json\/wp\/v2\/product\/5112"}],"collection":[{"href":"https:\/\/www.sport4club.be\/index.php\/wp-json\/wp\/v2\/product"}],"about":[{"href":"https:\/\/www.sport4club.be\/index.php\/wp-json\/wp\/v2\/types\/product"}],"replies":[{"embeddable":true,"href":"https:\/\/www.sport4club.be\/index.php\/wp-json\/wp\/v2\/comments?post=5112"}],"wp:featuredmedia":[{"embeddable":true,"href":"https:\/\/www.sport4club.be\/index.php\/wp-json\/wp\/v2\/media\/5113"}],"wp:attachment":[{"href":"https:\/\/www.sport4club.be\/index.php\/wp-json\/wp\/v2\/media?parent=5112"}],"wp:term":[{"taxonomy":"product_cat","embeddable":true,"href":"https:\/\/www.sport4club.be\/index.php\/wp-json\/wp\/v2\/product_cat?post=5112"},{"taxonomy":"product_tag","embeddable":true,"href":"https:\/\/www.sport4club.be\/index.php\/wp-json\/wp\/v2\/product_tag?post=5112"}],"curies":[{"name":"wp","href":"https:\/\/api.w.org\/{rel}","templated":true}]}}