{"id":5108,"date":"2018-11-16T11:36:46","date_gmt":"2018-11-16T10:36:46","guid":{"rendered":"https:\/\/www.sport4club.be\/index.php\/product\/luxilon-big-banger-original-rough-amber-200m\/"},"modified":"2023-10-30T10:27:56","modified_gmt":"2023-10-30T09:27:56","slug":"luxilon-big-banger-original-rough-amber-200m","status":"publish","type":"product","link":"https:\/\/www.sport4club.be\/index.php\/product\/luxilon-big-banger-original-rough-amber-200m\/","title":{"rendered":"Luxilon ORIGINAL ROUGH (200M)"},"content":{"rendered":"<p><em><strong>Original<\/strong>\u00a0est le plus ancien des groupes de cordages de la lign\u00e9e Big Banger. D\u2019une mani\u00e8re g\u00e9n\u00e9rale, l\u2019Original offre une combinaison unique de durabilit\u00e9 et de puissance. Le cordage se destine aux joueurs exigeants qui jouent en puissance mais attachent n\u00e9anmoins de l\u2019importance \u00e0 une grande long\u00e9vit\u00e9.<\/em><\/p>\n<p><em>La c\u00e9l\u00e8bre famille des \u00ab\u00a0Big Banger Original\u00a0\u00bb s\u2019est ensuite compl\u00e9t\u00e9e du \u00ab\u00a0Big Banger Original rough\u00a0\u00bb, toujours d\u00e9velopp\u00e9 et fabriqu\u00e9 \u00e0 partir de la technologie renomm\u00e9e des Big Banger, en conservant la durabilit\u00e9 typique de la famille.<\/em><\/p>\n<p><em>Le\u00a0<strong>Big Banger Original<\/strong>\u00a0<strong>rough<\/strong>\u00a0a \u00e9t\u00e9 d\u00e9velopp\u00e9 \u00e0 la demande de plusieurs joueurs de haut niveau, principalement espagnols, qui cherchaient un cordage assurant une meilleure prise d\u2019effet sans sacrifier la puissance. Le r\u00e9sultat fut une version rugueuse du Big Banger Original.<\/em><\/p>\n","protected":false},"excerpt":{"rendered":"<p>Original\u00a0est le plus ancien des groupes de cordages de la lign\u00e9e Big Banger. D\u2019une mani\u00e8re g\u00e9n\u00e9rale, l\u2019Original offre une combinaison unique de durabilit\u00e9 et de puissance. Le cordage se destine aux joueurs exigeants qui jouent en puissance mais attachent n\u00e9anmoins de l\u2019importance \u00e0 une grande long\u00e9vit\u00e9. La c\u00e9l\u00e8bre famille des \u00ab\u00a0Big Banger Original\u00a0\u00bb s\u2019est ensuite [&hellip;]<\/p>\n","protected":false},"featured_media":5109,"comment_status":"open","ping_status":"closed","template":"","meta":[],"product_cat":[108],"product_tag":[],"_links":{"self":[{"href":"https:\/\/www.sport4club.be\/index.php\/wp-json\/wp\/v2\/product\/5108"}],"collection":[{"href":"https:\/\/www.sport4club.be\/index.php\/wp-json\/wp\/v2\/product"}],"about":[{"href":"https:\/\/www.sport4club.be\/index.php\/wp-json\/wp\/v2\/types\/product"}],"replies":[{"embeddable":true,"href":"https:\/\/www.sport4club.be\/index.php\/wp-json\/wp\/v2\/comments?post=5108"}],"wp:featuredmedia":[{"embeddable":true,"href":"https:\/\/www.sport4club.be\/index.php\/wp-json\/wp\/v2\/media\/5109"}],"wp:attachment":[{"href":"https:\/\/www.sport4club.be\/index.php\/wp-json\/wp\/v2\/media?parent=5108"}],"wp:term":[{"taxonomy":"product_cat","embeddable":true,"href":"https:\/\/www.sport4club.be\/index.php\/wp-json\/wp\/v2\/product_cat?post=5108"},{"taxonomy":"product_tag","embeddable":true,"href":"https:\/\/www.sport4club.be\/index.php\/wp-json\/wp\/v2\/product_tag?post=5108"}],"curies":[{"name":"wp","href":"https:\/\/api.w.org\/{rel}","templated":true}]}}