{"id":5106,"date":"2018-11-16T11:36:45","date_gmt":"2018-11-16T10:36:45","guid":{"rendered":"https:\/\/www.sport4club.be\/index.php\/product\/luxilon-big-banger-original-amber-200m\/"},"modified":"2023-10-30T11:46:27","modified_gmt":"2023-10-30T10:46:27","slug":"luxilon-big-banger-original-amber-200m","status":"publish","type":"product","link":"https:\/\/www.sport4club.be\/index.php\/product\/luxilon-big-banger-original-amber-200m\/","title":{"rendered":"Luxilon ORIGINAL (200M)"},"content":{"rendered":"<section class=\"page-product-box\">Le cordage Luxilon Original appartient \u00e0 la famille des mono filaments.En effet, cette corde de couleur naturelle poss\u00e8de une forme ronde. Avec cette r\u00e9f\u00e9rence, Luxilon a mis l&#8217;accent sur la puissance combin\u00e9e \u00e0 la durabilit\u00e9 .<\/p>\n<p>Le premier n\u00e9 de la gamme Big Banger est propos\u00e9 en jauge 1,30 de sorte \u00e0 prolonger au maximum sa dur\u00e9e de vie \u00e0 haute intensit\u00e9.<\/p>\n<p>Aussi sa forte \u00e9lasticit\u00e9 r\u00e9pond parfaitement aux exigences en terme de puissance pour une corde de ce diam\u00e8tre.<\/p>\n<p>Ce n&#8217;est pas par hasard que ce cordage est tr\u00e8s appr\u00e9ci\u00e9 par les joueurs et joueuses \u00e0 haut niveau.<\/p>\n<p>Ce cordage va ravir les joueurs ayant une bonne qualit\u00e9 de frappe \u00e0 la recherche d&#8217;une corde r\u00e9sistante qui apporte un bon dosage entre puissance et contr\u00f4le.<\/p>\n<p>Ainsi ils pourront exploiter le rendement de cette corde au fur et \u00e0 mesure des heures de jeu.<\/p>\n<p>Le Luxilon Original conviendra davantage \u00e0 des joueurs puissants qui aiment mettre de la cadence du fond du court. En effet, les cogneurs vont appr\u00e9cier le rendement excellent de ce dernier qui va durer dans le temps .<\/p>\n<\/section>\n","protected":false},"excerpt":{"rendered":"<p>Le cordage Luxilon Original appartient \u00e0 la famille des mono filaments.En effet, cette corde de couleur naturelle poss\u00e8de une forme ronde. Avec cette r\u00e9f\u00e9rence, Luxilon a mis l&#8217;accent sur la puissance combin\u00e9e \u00e0 la durabilit\u00e9 . Le premier n\u00e9 de la gamme Big Banger est propos\u00e9 en jauge 1,30 de sorte \u00e0 prolonger au maximum [&hellip;]<\/p>\n","protected":false},"featured_media":5107,"comment_status":"open","ping_status":"closed","template":"","meta":[],"product_cat":[108],"product_tag":[],"_links":{"self":[{"href":"https:\/\/www.sport4club.be\/index.php\/wp-json\/wp\/v2\/product\/5106"}],"collection":[{"href":"https:\/\/www.sport4club.be\/index.php\/wp-json\/wp\/v2\/product"}],"about":[{"href":"https:\/\/www.sport4club.be\/index.php\/wp-json\/wp\/v2\/types\/product"}],"replies":[{"embeddable":true,"href":"https:\/\/www.sport4club.be\/index.php\/wp-json\/wp\/v2\/comments?post=5106"}],"wp:featuredmedia":[{"embeddable":true,"href":"https:\/\/www.sport4club.be\/index.php\/wp-json\/wp\/v2\/media\/5107"}],"wp:attachment":[{"href":"https:\/\/www.sport4club.be\/index.php\/wp-json\/wp\/v2\/media?parent=5106"}],"wp:term":[{"taxonomy":"product_cat","embeddable":true,"href":"https:\/\/www.sport4club.be\/index.php\/wp-json\/wp\/v2\/product_cat?post=5106"},{"taxonomy":"product_tag","embeddable":true,"href":"https:\/\/www.sport4club.be\/index.php\/wp-json\/wp\/v2\/product_tag?post=5106"}],"curies":[{"name":"wp","href":"https:\/\/api.w.org\/{rel}","templated":true}]}}