{"id":5104,"date":"2018-11-16T11:36:45","date_gmt":"2018-11-16T10:36:45","guid":{"rendered":"https:\/\/www.sport4club.be\/index.php\/product\/tecnifibre-duramix-hd-200m\/"},"modified":"2023-11-04T09:38:26","modified_gmt":"2023-11-04T08:38:26","slug":"tecnifibre-duramix-hd-200m","status":"publish","type":"product","link":"https:\/\/www.sport4club.be\/index.php\/product\/tecnifibre-duramix-hd-200m\/","title":{"rendered":"Tecnifibre DURAMIX HD 200M"},"content":{"rendered":"<p>Le cordage Tecnifibre Duramix est certainement l&#8221;un des cordages les plus pos\u00e9s dans les magasins sp\u00e9cialistes car il est r\u00e9sistant, apporte du confort et un feeling appr\u00e9ciable.<\/p>\n<p>Gr\u00e2ce \u00e0 sa nouvelle technologie Hybrid 3D, le cordage Tecnifibre Duramix est un cordage 3 en 1!<\/p>\n<p>Qu&#8217;est ce que cette technologie? L&#8217;\u00e2me du cordage est compos\u00e9 de brins de polyester pour apporter plus de contr\u00f4le et de r\u00e9sistance + polyamide (utilis\u00e9 pour les multifilaments) et recouvert d&#8217;un couche de PU pour offrir plus de confort.<\/p>\n<p>Profitez ainsi de tous les avantages dans une seul corde!<\/p>\n<p>Le cordage Tecnifibre Duramix est destin\u00e9 aux joueurs qui jouent en monofilament et souhaite passer sur une corde plus confortable sans sacrifier les sensations du mono. Mais \u00e9galement aux jeunes joueurs qui cassent trop rapidement les multis! Dans cette situation, vous aurez le cordage le plus confortable et le plus r\u00e9sistant actuel sur le march\u00e9.<\/p>\n<p>Il peut convenir \u00e0 tous les types de jeu car cette corde est assez polyvalente. M\u00eame si vous ne frappez pas assez fort dans la balle, ce cordage reste assez nerveux! Et inversement si vous frappez assez fort dans la balle, le contr\u00f4le sera pr\u00e9sent.<\/p>\n<p>&nbsp;<\/p>\n","protected":false},"excerpt":{"rendered":"<p>Le cordage Tecnifibre Duramix est certainement l&#8221;un des cordages les plus pos\u00e9s dans les magasins sp\u00e9cialistes car il est r\u00e9sistant, apporte du confort et un feeling appr\u00e9ciable. Gr\u00e2ce \u00e0 sa nouvelle technologie Hybrid 3D, le cordage Tecnifibre Duramix est un cordage 3 en 1! Qu&#8217;est ce que cette technologie? L&#8217;\u00e2me du cordage est compos\u00e9 de [&hellip;]<\/p>\n","protected":false},"featured_media":95585,"comment_status":"open","ping_status":"closed","template":"","meta":[],"product_cat":[108],"product_tag":[],"_links":{"self":[{"href":"https:\/\/www.sport4club.be\/index.php\/wp-json\/wp\/v2\/product\/5104"}],"collection":[{"href":"https:\/\/www.sport4club.be\/index.php\/wp-json\/wp\/v2\/product"}],"about":[{"href":"https:\/\/www.sport4club.be\/index.php\/wp-json\/wp\/v2\/types\/product"}],"replies":[{"embeddable":true,"href":"https:\/\/www.sport4club.be\/index.php\/wp-json\/wp\/v2\/comments?post=5104"}],"wp:featuredmedia":[{"embeddable":true,"href":"https:\/\/www.sport4club.be\/index.php\/wp-json\/wp\/v2\/media\/95585"}],"wp:attachment":[{"href":"https:\/\/www.sport4club.be\/index.php\/wp-json\/wp\/v2\/media?parent=5104"}],"wp:term":[{"taxonomy":"product_cat","embeddable":true,"href":"https:\/\/www.sport4club.be\/index.php\/wp-json\/wp\/v2\/product_cat?post=5104"},{"taxonomy":"product_tag","embeddable":true,"href":"https:\/\/www.sport4club.be\/index.php\/wp-json\/wp\/v2\/product_tag?post=5104"}],"curies":[{"name":"wp","href":"https:\/\/api.w.org\/{rel}","templated":true}]}}