{"id":5102,"date":"2018-11-16T11:36:45","date_gmt":"2018-11-16T10:36:45","guid":{"rendered":"https:\/\/www.sport4club.be\/index.php\/product\/tecnifibre-tgv-200m\/"},"modified":"2023-11-30T08:49:25","modified_gmt":"2023-11-30T07:49:25","slug":"tecnifibre-tgv-200m","status":"publish","type":"product","link":"https:\/\/www.sport4club.be\/index.php\/product\/tecnifibre-tgv-200m\/","title":{"rendered":"Tecnifibre TGV 200M"},"content":{"rendered":"<p>Le cordage Tecnifibre TGV est le multifilament qui apporte le plus de confort de toute notre gamme de multifilament. Id\u00e9al pour les joueurs souffrant d&#8217;un tennis elbow, et contrairement \u00e0 son nom, il s&#8217;agit d&#8217;un cordage plut\u00f4t orient\u00e9 sur le contr\u00f4le de balle, le confort et le toucher.<\/p>\n<p>La puissance est par contre en retrait (disons qu&#8217;elle reste honn\u00eate mais n&#8217;excelle pas comme dans les autres domaines). Un point fort \u00e0 ne pas n\u00e9gliger est sa superbe tenue de tension.<\/p>\n<p>Pour obtenir la plus grande r\u00e9sistance, pr\u00e9f\u00e9rez la jauge 1,40.<\/p>\n<p>Si vous souhaitez le maximum de vitesse de balle, optez pour la jauge 1,25.<\/p>\n<p>Pour le meilleur rendement confort\/r\u00e9sistance\/jouabilit\u00e9, pr\u00e9f\u00e9rez la jauge 1,35.<\/p>\n<p>Le cordage Tecnifibre TGV est destin\u00e9 aux jeunes joueurs exigeant souhaitent un multifilament de qualit\u00e9 apportant le maximum de contr\u00f4le et de confort.<\/p>\n<p>Il conviendra \u00e9galement aux joueurs sujet aux tendinites de l&#8217;avant bras.<\/p>\n<p>En conclusion, le cordage Tecnfibre TGV est un cordage premium offrant confort, contr\u00f4le, toucher, tenue de tension pouvant convenir \u00e0 un maximum de joueur.<\/p>\n","protected":false},"excerpt":{"rendered":"<p>Le cordage Tecnifibre TGV est le multifilament qui apporte le plus de confort de toute notre gamme de multifilament. Id\u00e9al pour les joueurs souffrant d&#8217;un tennis elbow, et contrairement \u00e0 son nom, il s&#8217;agit d&#8217;un cordage plut\u00f4t orient\u00e9 sur le contr\u00f4le de balle, le confort et le toucher. La puissance est par contre en retrait [&hellip;]<\/p>\n","protected":false},"featured_media":95600,"comment_status":"open","ping_status":"closed","template":"","meta":[],"product_cat":[108],"product_tag":[],"_links":{"self":[{"href":"https:\/\/www.sport4club.be\/index.php\/wp-json\/wp\/v2\/product\/5102"}],"collection":[{"href":"https:\/\/www.sport4club.be\/index.php\/wp-json\/wp\/v2\/product"}],"about":[{"href":"https:\/\/www.sport4club.be\/index.php\/wp-json\/wp\/v2\/types\/product"}],"replies":[{"embeddable":true,"href":"https:\/\/www.sport4club.be\/index.php\/wp-json\/wp\/v2\/comments?post=5102"}],"wp:featuredmedia":[{"embeddable":true,"href":"https:\/\/www.sport4club.be\/index.php\/wp-json\/wp\/v2\/media\/95600"}],"wp:attachment":[{"href":"https:\/\/www.sport4club.be\/index.php\/wp-json\/wp\/v2\/media?parent=5102"}],"wp:term":[{"taxonomy":"product_cat","embeddable":true,"href":"https:\/\/www.sport4club.be\/index.php\/wp-json\/wp\/v2\/product_cat?post=5102"},{"taxonomy":"product_tag","embeddable":true,"href":"https:\/\/www.sport4club.be\/index.php\/wp-json\/wp\/v2\/product_tag?post=5102"}],"curies":[{"name":"wp","href":"https:\/\/api.w.org\/{rel}","templated":true}]}}