{"id":5100,"date":"2018-11-16T11:36:44","date_gmt":"2018-11-16T10:36:44","guid":{"rendered":"https:\/\/www.sport4club.be\/index.php\/product\/tecnifibre-pro-redcode-200m\/"},"modified":"2023-11-04T10:07:33","modified_gmt":"2023-11-04T09:07:33","slug":"tecnifibre-pro-redcode-200m","status":"publish","type":"product","link":"https:\/\/www.sport4club.be\/index.php\/product\/tecnifibre-pro-redcode-200m\/","title":{"rendered":"Tecnifibre Pro REDCODE 200M"},"content":{"rendered":"<p>Le cordage Tecnifibre Pro Red Code est un cordage en co-polyester qui apporte beaucoup de contr\u00f4le et de pr\u00e9cision sur chaque frappes.<\/p>\n<p>Sa nature rigide offre cependant un bon confort et restitue tr\u00e8s bien la prise d&#8217;effets.<\/p>\n<p>Le cordage Tecnifibre Pro Red Code est utilis\u00e9 par de nombreux joueurs profesionnels.<\/p>\n<p>Le cordage Tecnifibre Pro Red Code est destin\u00e9 aux joueurs \u00e0 la recherche de contr\u00f4le avec n\u00e9anmoins une bonne vitesse de balle et qui aiment les sensations fermes lors de l&#8217;impact de balle.<\/p>\n","protected":false},"excerpt":{"rendered":"<p>Le cordage Tecnifibre Pro Red Code est un cordage en co-polyester qui apporte beaucoup de contr\u00f4le et de pr\u00e9cision sur chaque frappes. Sa nature rigide offre cependant un bon confort et restitue tr\u00e8s bien la prise d&#8217;effets. Le cordage Tecnifibre Pro Red Code est utilis\u00e9 par de nombreux joueurs profesionnels. Le cordage Tecnifibre Pro Red [&hellip;]<\/p>\n","protected":false},"featured_media":95576,"comment_status":"open","ping_status":"closed","template":"","meta":[],"product_cat":[108],"product_tag":[],"_links":{"self":[{"href":"https:\/\/www.sport4club.be\/index.php\/wp-json\/wp\/v2\/product\/5100"}],"collection":[{"href":"https:\/\/www.sport4club.be\/index.php\/wp-json\/wp\/v2\/product"}],"about":[{"href":"https:\/\/www.sport4club.be\/index.php\/wp-json\/wp\/v2\/types\/product"}],"replies":[{"embeddable":true,"href":"https:\/\/www.sport4club.be\/index.php\/wp-json\/wp\/v2\/comments?post=5100"}],"wp:featuredmedia":[{"embeddable":true,"href":"https:\/\/www.sport4club.be\/index.php\/wp-json\/wp\/v2\/media\/95576"}],"wp:attachment":[{"href":"https:\/\/www.sport4club.be\/index.php\/wp-json\/wp\/v2\/media?parent=5100"}],"wp:term":[{"taxonomy":"product_cat","embeddable":true,"href":"https:\/\/www.sport4club.be\/index.php\/wp-json\/wp\/v2\/product_cat?post=5100"},{"taxonomy":"product_tag","embeddable":true,"href":"https:\/\/www.sport4club.be\/index.php\/wp-json\/wp\/v2\/product_tag?post=5100"}],"curies":[{"name":"wp","href":"https:\/\/api.w.org\/{rel}","templated":true}]}}