{"id":5098,"date":"2018-11-16T11:36:44","date_gmt":"2018-11-16T10:36:44","guid":{"rendered":"https:\/\/www.sport4club.be\/index.php\/product\/tecnifibre-razor-code-200m\/"},"modified":"2024-02-07T10:53:31","modified_gmt":"2024-02-07T09:53:31","slug":"tecnifibre-razor-code-200m","status":"publish","type":"product","link":"https:\/\/www.sport4club.be\/index.php\/product\/tecnifibre-razor-code-200m\/","title":{"rendered":"Tecnifibre RAZOR CODE 200M"},"content":{"rendered":"<p>Le cordage Tecnifibre Razor Code est un monofilament rigide pour comp\u00e9titeurs exigeants.<\/p>\n<p>En effet, le Razor Code d\u00e9livre un maximum de sensation sur frappes explosives ainsi qu&#8217;un tr\u00e8s haut niveau de contr\u00f4le. Ce cordage est id\u00e9al pour les joueurs qui aiment frapper fort dans la balle et sentir un cordage stable, constant et r\u00e9actif tout en ayant un maximum de sensations \u00e0 la frappe.<\/p>\n<p>Le cordage Tecnifibre Razor Code conserve une bonne tenue de tension dans le temps et conserve ses qualit\u00e9s dans le temps sans perte brutale de sensations.<\/p>\n<p>Il est n\u00e9cessaire de poss\u00e9der une bonne qualit\u00e9 de frappe pour exploiter pleinement les capacit\u00e9s du cordage. Cependant, attention aux joueurs qui ne poss\u00e8dent pas de frappes puissantes sous peine d&#8217;inexploiter le cordage.<\/p>\n<p>Le Tecnifibre Razor Code sera le cordage parfait pour les punchers qui poss\u00e8dent une frappe explosive et ayant besoin d&#8217;allier le contr\u00f4le et la pr\u00e9cision avec un feeling leur permettant de bien sentir la balle.<\/p>\n","protected":false},"excerpt":{"rendered":"<p>Le cordage Tecnifibre Razor Code est un monofilament rigide pour comp\u00e9titeurs exigeants. En effet, le Razor Code d\u00e9livre un maximum de sensation sur frappes explosives ainsi qu&#8217;un tr\u00e8s haut niveau de contr\u00f4le. Ce cordage est id\u00e9al pour les joueurs qui aiment frapper fort dans la balle et sentir un cordage stable, constant et r\u00e9actif tout [&hellip;]<\/p>\n","protected":false},"featured_media":95570,"comment_status":"open","ping_status":"closed","template":"","meta":[],"product_cat":[108],"product_tag":[],"_links":{"self":[{"href":"https:\/\/www.sport4club.be\/index.php\/wp-json\/wp\/v2\/product\/5098"}],"collection":[{"href":"https:\/\/www.sport4club.be\/index.php\/wp-json\/wp\/v2\/product"}],"about":[{"href":"https:\/\/www.sport4club.be\/index.php\/wp-json\/wp\/v2\/types\/product"}],"replies":[{"embeddable":true,"href":"https:\/\/www.sport4club.be\/index.php\/wp-json\/wp\/v2\/comments?post=5098"}],"wp:featuredmedia":[{"embeddable":true,"href":"https:\/\/www.sport4club.be\/index.php\/wp-json\/wp\/v2\/media\/95570"}],"wp:attachment":[{"href":"https:\/\/www.sport4club.be\/index.php\/wp-json\/wp\/v2\/media?parent=5098"}],"wp:term":[{"taxonomy":"product_cat","embeddable":true,"href":"https:\/\/www.sport4club.be\/index.php\/wp-json\/wp\/v2\/product_cat?post=5098"},{"taxonomy":"product_tag","embeddable":true,"href":"https:\/\/www.sport4club.be\/index.php\/wp-json\/wp\/v2\/product_tag?post=5098"}],"curies":[{"name":"wp","href":"https:\/\/api.w.org\/{rel}","templated":true}]}}