{"id":5096,"date":"2018-11-16T11:36:44","date_gmt":"2018-11-16T10:36:44","guid":{"rendered":"https:\/\/www.sport4club.be\/index.php\/product\/tecnifibre-black-code-4s-200m\/"},"modified":"2023-11-04T09:22:05","modified_gmt":"2023-11-04T08:22:05","slug":"tecnifibre-black-code-4s-200m","status":"publish","type":"product","link":"https:\/\/www.sport4club.be\/index.php\/product\/tecnifibre-black-code-4s-200m\/","title":{"rendered":"Tecnifibre 4S 200M"},"content":{"rendered":"<p>Le cordage Tecnifibre Black Code 4S est un monofilament \u00e0 4 c\u00f4t\u00e9s de section carr\u00e9e pour optimiser les effets.<br \/>\nTecnifibre annonce plus de spin, de r\u00e9sistance et de contr\u00f4le.<\/p>\n<p>Le Tecnifibre Black Code 4S diff\u00e9re de son grand fr\u00e8re et ne s&#8217;adressera pas au m\u00eame public. Le Black Code est un monofilament pentagonal souple, puissant, tol\u00e9rant, confortable qui apporte de l&#8217;effet.<\/p>\n<p>Le cordage Tecnifibre Black Code 4S passe du c\u00f4t\u00e9 contr\u00f4le (avec cependant une bonne r\u00e9serve de puissance), effets, plus ax\u00e9 pour les comp\u00e9titeurs.<br \/>\nIl se situe entre un Black Code et un Razor Code.<\/p>\n<p>Le cordage Tecnifibre Black Code 4S s&#8217;adresse aux joueurs poss\u00e9dant une bonne vitesse de bras qui sont \u00e0 la recherche de prise d&#8217;effets, de contr\u00f4le avec r\u00e9serve de puissance.<\/p>\n","protected":false},"excerpt":{"rendered":"<p>Le cordage Tecnifibre Black Code 4S est un monofilament \u00e0 4 c\u00f4t\u00e9s de section carr\u00e9e pour optimiser les effets. Tecnifibre annonce plus de spin, de r\u00e9sistance et de contr\u00f4le. Le Tecnifibre Black Code 4S diff\u00e9re de son grand fr\u00e8re et ne s&#8217;adressera pas au m\u00eame public. Le Black Code est un monofilament pentagonal souple, puissant, [&hellip;]<\/p>\n","protected":false},"featured_media":95556,"comment_status":"open","ping_status":"closed","template":"","meta":[],"product_cat":[108],"product_tag":[],"_links":{"self":[{"href":"https:\/\/www.sport4club.be\/index.php\/wp-json\/wp\/v2\/product\/5096"}],"collection":[{"href":"https:\/\/www.sport4club.be\/index.php\/wp-json\/wp\/v2\/product"}],"about":[{"href":"https:\/\/www.sport4club.be\/index.php\/wp-json\/wp\/v2\/types\/product"}],"replies":[{"embeddable":true,"href":"https:\/\/www.sport4club.be\/index.php\/wp-json\/wp\/v2\/comments?post=5096"}],"wp:featuredmedia":[{"embeddable":true,"href":"https:\/\/www.sport4club.be\/index.php\/wp-json\/wp\/v2\/media\/95556"}],"wp:attachment":[{"href":"https:\/\/www.sport4club.be\/index.php\/wp-json\/wp\/v2\/media?parent=5096"}],"wp:term":[{"taxonomy":"product_cat","embeddable":true,"href":"https:\/\/www.sport4club.be\/index.php\/wp-json\/wp\/v2\/product_cat?post=5096"},{"taxonomy":"product_tag","embeddable":true,"href":"https:\/\/www.sport4club.be\/index.php\/wp-json\/wp\/v2\/product_tag?post=5096"}],"curies":[{"name":"wp","href":"https:\/\/api.w.org\/{rel}","templated":true}]}}