{"id":5089,"date":"2018-11-16T11:36:39","date_gmt":"2018-11-16T10:36:39","guid":{"rendered":"https:\/\/www.sport4club.be\/index.php\/product\/solinco-x-natural-200m\/"},"modified":"2020-10-30T15:12:47","modified_gmt":"2020-10-30T14:12:47","slug":"solinco-x-natural-200m","status":"publish","type":"product","link":"https:\/\/www.sport4club.be\/index.php\/product\/solinco-x-natural-200m\/","title":{"rendered":"Solinco X-NATURAL 200M"},"content":{"rendered":"<p>Le cordage Solinco X Natural est un synth\u00e9tique structur\u00e9 pour augmenter l&#8217;accroche de balle. Gr\u00e2ce \u00e0 sa nature plut\u00f4t ferme, le X Natural de Solinco apporte une excellente pr\u00e9cision.<\/p>\n<p>Le compromis contr\u00f4le\/effets est tr\u00e8s bien dos\u00e9 et conviendra aux joueurs \u00e0 la recherche de confort, d&#8217;effets et de pr\u00e9cision dans leur jeu.<\/p>\n","protected":false},"excerpt":{"rendered":"<p>Le cordage Solinco X Natural est un synth\u00e9tique structur\u00e9 pour augmenter l&#8217;accroche de balle. Gr\u00e2ce \u00e0 sa nature plut\u00f4t ferme, le X Natural de Solinco apporte une excellente pr\u00e9cision. Le compromis contr\u00f4le\/effets est tr\u00e8s bien dos\u00e9 et conviendra aux joueurs \u00e0 la recherche de confort, d&#8217;effets et de pr\u00e9cision dans leur jeu.<\/p>\n","protected":false},"featured_media":9976,"comment_status":"open","ping_status":"closed","template":"","meta":[],"product_cat":[108],"product_tag":[],"_links":{"self":[{"href":"https:\/\/www.sport4club.be\/index.php\/wp-json\/wp\/v2\/product\/5089"}],"collection":[{"href":"https:\/\/www.sport4club.be\/index.php\/wp-json\/wp\/v2\/product"}],"about":[{"href":"https:\/\/www.sport4club.be\/index.php\/wp-json\/wp\/v2\/types\/product"}],"replies":[{"embeddable":true,"href":"https:\/\/www.sport4club.be\/index.php\/wp-json\/wp\/v2\/comments?post=5089"}],"wp:featuredmedia":[{"embeddable":true,"href":"https:\/\/www.sport4club.be\/index.php\/wp-json\/wp\/v2\/media\/9976"}],"wp:attachment":[{"href":"https:\/\/www.sport4club.be\/index.php\/wp-json\/wp\/v2\/media?parent=5089"}],"wp:term":[{"taxonomy":"product_cat","embeddable":true,"href":"https:\/\/www.sport4club.be\/index.php\/wp-json\/wp\/v2\/product_cat?post=5089"},{"taxonomy":"product_tag","embeddable":true,"href":"https:\/\/www.sport4club.be\/index.php\/wp-json\/wp\/v2\/product_tag?post=5089"}],"curies":[{"name":"wp","href":"https:\/\/api.w.org\/{rel}","templated":true}]}}