{"id":5087,"date":"2018-11-16T11:36:38","date_gmt":"2018-11-16T10:36:38","guid":{"rendered":"https:\/\/www.sport4club.be\/index.php\/product\/solinco-tour-bite-diamond-rough-200m\/"},"modified":"2024-05-24T11:38:43","modified_gmt":"2024-05-24T09:38:43","slug":"solinco-tour-bite-diamond-rough-200m","status":"publish","type":"product","link":"https:\/\/www.sport4club.be\/index.php\/product\/solinco-tour-bite-diamond-rough-200m\/","title":{"rendered":"Solinco TOUR BITE DIAMOND ROUGH 200M"},"content":{"rendered":"<p>Apr\u00e8s le succ\u00e8s du Solinco Tour Bite et de son confr\u00e8re le Solinco Tour Bite Soft, le dernier n\u00e9 Solinco Tour Bite Diamond Rough est con\u00e7u pour donner plus d&#8217;effets et de mordant \u00e0 la balle.<\/p>\n<p>Au toucher, le cordage Solinco Tour Bite Diamond Rough est tr\u00e8s rugueux et marqu\u00e9.<br \/>\nIl s&#8217;\u00e9tire plus que la version Tour Bite mais moins que le Tour Bite SOFT.<\/p>\n<p>Sur le terrain, nous sentons le cordage souple avec un contact balle\/cordage tr\u00e8s prolong\u00e9.<\/p>\n<p>La production d&#8217;effet est excellente notamment sur les services lift\u00e9s, slic\u00e9s et les revers chop\u00e9s ou nous sentons nettement une forte augmentation de la rotation de la balle et donc des balles beaucoup plus lourdes.<\/p>\n<p>Nous avons not\u00e9 que le cordage Solinco Tour Bite Diamond Rough \u00e9tait le plus puissant et confortable de la gamme Tour Bite.<\/p>\n<p>Pour r\u00e9sumer, le cordage Tour Bite Diamond Rough est souple, puissant, rugueux, confortable apportant une tr\u00e8s forte rotation de la balle pour un maximum d&#8217;effet.<\/p>\n<p>Il sera donc id\u00e9al pour les joueurs \u00e0 la recherche d&#8217;un monofilament souple apportant puissance et effets tout en confort.<\/p>\n<p>Face \u00e0 cette puissance\/souplesse, nous recommandons d&#8217;augmenter la tension du cordage d&#8217;un kilo par rapport \u00e0 un monofilament traditionnel.<\/p>\n","protected":false},"excerpt":{"rendered":"<p>Apr\u00e8s le succ\u00e8s du Solinco Tour Bite et de son confr\u00e8re le Solinco Tour Bite Soft, le dernier n\u00e9 Solinco Tour Bite Diamond Rough est con\u00e7u pour donner plus d&#8217;effets et de mordant \u00e0 la balle. Au toucher, le cordage Solinco Tour Bite Diamond Rough est tr\u00e8s rugueux et marqu\u00e9. Il s&#8217;\u00e9tire plus que la [&hellip;]<\/p>\n","protected":false},"featured_media":12247,"comment_status":"open","ping_status":"closed","template":"","meta":[],"product_cat":[108,786],"product_tag":[],"_links":{"self":[{"href":"https:\/\/www.sport4club.be\/index.php\/wp-json\/wp\/v2\/product\/5087"}],"collection":[{"href":"https:\/\/www.sport4club.be\/index.php\/wp-json\/wp\/v2\/product"}],"about":[{"href":"https:\/\/www.sport4club.be\/index.php\/wp-json\/wp\/v2\/types\/product"}],"replies":[{"embeddable":true,"href":"https:\/\/www.sport4club.be\/index.php\/wp-json\/wp\/v2\/comments?post=5087"}],"wp:featuredmedia":[{"embeddable":true,"href":"https:\/\/www.sport4club.be\/index.php\/wp-json\/wp\/v2\/media\/12247"}],"wp:attachment":[{"href":"https:\/\/www.sport4club.be\/index.php\/wp-json\/wp\/v2\/media?parent=5087"}],"wp:term":[{"taxonomy":"product_cat","embeddable":true,"href":"https:\/\/www.sport4club.be\/index.php\/wp-json\/wp\/v2\/product_cat?post=5087"},{"taxonomy":"product_tag","embeddable":true,"href":"https:\/\/www.sport4club.be\/index.php\/wp-json\/wp\/v2\/product_tag?post=5087"}],"curies":[{"name":"wp","href":"https:\/\/api.w.org\/{rel}","templated":true}]}}