{"id":5085,"date":"2018-11-16T11:36:38","date_gmt":"2018-11-16T10:36:38","guid":{"rendered":"https:\/\/www.sport4club.be\/index.php\/product\/solinco-hyper-g-200m\/"},"modified":"2024-05-24T11:35:15","modified_gmt":"2024-05-24T09:35:15","slug":"solinco-hyper-g-200m","status":"publish","type":"product","link":"https:\/\/www.sport4club.be\/index.php\/product\/solinco-hyper-g-200m\/","title":{"rendered":"Solinco Hyper G 200m"},"content":{"rendered":"<p><strong>!! Cordage de l&#8217;ann\u00e9e 2019 !!<\/strong><\/p>\n<p>Le cordage Solinco Hyper G est un monofilament haute performance d\u00e9velopp\u00e9 pour apporter un maximum de prise d&#8217;effets et de contr\u00f4le tout en g\u00e9n\u00e9rant un maximum de puissance et de jouabilit\u00e9.<\/p>\n<p>Solinco utilise une technologie qui permet au cordage Solinco Hyper G d&#8217;amplifier grandement la prise des effets.<\/p>\n<p>Fid\u00e8le \u00e0 sa marque de fabrique, le cordage Solinco Hyper G se d\u00e9marque par une prise d&#8217;effet exceptionnelle qui permet d&#8217;apporter beaucoup de lourdeur \u00e0 la balle. Plut\u00f4t orient\u00e9 sur le contr\u00f4le de balle, il poss\u00e8de une tr\u00e8s bonne r\u00e9serve de puissance \u00e0 condition d&#8217;avoir un minimum de vitesse de bras.<\/p>\n<p>Nous avons ressenti la touche du Solinco Tour Bite en plus tol\u00e9rant, confortable et puissant.<\/p>\n<p>Sur les frappes d\u00e9centr\u00e9es, le Hyper G r\u00e9pond tr\u00e8s agr\u00e9ablement et apporte du confort au dessus de la moyenne.<\/p>\n<p>Avantages du Solinco Hyper G :<\/p>\n<p>&#8211; Excellente prise des effets<br \/>\n&#8211; Bon contr\u00f4le<br \/>\n&#8211; Bonne r\u00e9serve de puissance<br \/>\n&#8211; Confortable<\/p>\n","protected":false},"excerpt":{"rendered":"<p>!! Cordage de l&#8217;ann\u00e9e 2019 !! Le cordage Solinco Hyper G est un monofilament haute performance d\u00e9velopp\u00e9 pour apporter un maximum de prise d&#8217;effets et de contr\u00f4le tout en g\u00e9n\u00e9rant un maximum de puissance et de jouabilit\u00e9. Solinco utilise une technologie qui permet au cordage Solinco Hyper G d&#8217;amplifier grandement la prise des effets. Fid\u00e8le [&hellip;]<\/p>\n","protected":false},"featured_media":5086,"comment_status":"open","ping_status":"closed","template":"","meta":[],"product_cat":[108,786],"product_tag":[],"_links":{"self":[{"href":"https:\/\/www.sport4club.be\/index.php\/wp-json\/wp\/v2\/product\/5085"}],"collection":[{"href":"https:\/\/www.sport4club.be\/index.php\/wp-json\/wp\/v2\/product"}],"about":[{"href":"https:\/\/www.sport4club.be\/index.php\/wp-json\/wp\/v2\/types\/product"}],"replies":[{"embeddable":true,"href":"https:\/\/www.sport4club.be\/index.php\/wp-json\/wp\/v2\/comments?post=5085"}],"wp:featuredmedia":[{"embeddable":true,"href":"https:\/\/www.sport4club.be\/index.php\/wp-json\/wp\/v2\/media\/5086"}],"wp:attachment":[{"href":"https:\/\/www.sport4club.be\/index.php\/wp-json\/wp\/v2\/media?parent=5085"}],"wp:term":[{"taxonomy":"product_cat","embeddable":true,"href":"https:\/\/www.sport4club.be\/index.php\/wp-json\/wp\/v2\/product_cat?post=5085"},{"taxonomy":"product_tag","embeddable":true,"href":"https:\/\/www.sport4club.be\/index.php\/wp-json\/wp\/v2\/product_tag?post=5085"}],"curies":[{"name":"wp","href":"https:\/\/api.w.org\/{rel}","templated":true}]}}