{"id":5079,"date":"2018-11-16T11:36:37","date_gmt":"2018-11-16T10:36:37","guid":{"rendered":"https:\/\/www.sport4club.be\/index.php\/product\/solinco-pro-stacked-200m\/"},"modified":"2021-04-19T17:54:09","modified_gmt":"2021-04-19T15:54:09","slug":"solinco-pro-stacked-200m","status":"publish","type":"product","link":"https:\/\/www.sport4club.be\/index.php\/product\/solinco-pro-stacked-200m\/","title":{"rendered":"Solinco PRO STACKED 200M"},"content":{"rendered":"<p><em>Cordage en boyau synth\u00e9tique am\u00e9lior\u00e9 tr\u00e8s performant offrant une tr\u00e8s grande jouabilit\u00e9, une tr\u00e8s bonne sensation lors de la frappe et une bonne dur\u00e9e de vie.<\/em><\/p>\n<p><em>Le cordage Solinco Pro Stacked dispose d&#8217;une \u00e2me centrale de toute nouvelle g\u00e9n\u00e9ration entour\u00e9 par des multifibres performantes offrant une cordage puissant, confortable et des sensations optimales.<\/em><\/p>\n","protected":false},"excerpt":{"rendered":"<p>Cordage en boyau synth\u00e9tique am\u00e9lior\u00e9 tr\u00e8s performant offrant une tr\u00e8s grande jouabilit\u00e9, une tr\u00e8s bonne sensation lors de la frappe et une bonne dur\u00e9e de vie. Le cordage Solinco Pro Stacked dispose d&#8217;une \u00e2me centrale de toute nouvelle g\u00e9n\u00e9ration entour\u00e9 par des multifibres performantes offrant une cordage puissant, confortable et des sensations optimales.<\/p>\n","protected":false},"featured_media":5080,"comment_status":"open","ping_status":"closed","template":"","meta":[],"product_cat":[108],"product_tag":[],"_links":{"self":[{"href":"https:\/\/www.sport4club.be\/index.php\/wp-json\/wp\/v2\/product\/5079"}],"collection":[{"href":"https:\/\/www.sport4club.be\/index.php\/wp-json\/wp\/v2\/product"}],"about":[{"href":"https:\/\/www.sport4club.be\/index.php\/wp-json\/wp\/v2\/types\/product"}],"replies":[{"embeddable":true,"href":"https:\/\/www.sport4club.be\/index.php\/wp-json\/wp\/v2\/comments?post=5079"}],"wp:featuredmedia":[{"embeddable":true,"href":"https:\/\/www.sport4club.be\/index.php\/wp-json\/wp\/v2\/media\/5080"}],"wp:attachment":[{"href":"https:\/\/www.sport4club.be\/index.php\/wp-json\/wp\/v2\/media?parent=5079"}],"wp:term":[{"taxonomy":"product_cat","embeddable":true,"href":"https:\/\/www.sport4club.be\/index.php\/wp-json\/wp\/v2\/product_cat?post=5079"},{"taxonomy":"product_tag","embeddable":true,"href":"https:\/\/www.sport4club.be\/index.php\/wp-json\/wp\/v2\/product_tag?post=5079"}],"curies":[{"name":"wp","href":"https:\/\/api.w.org\/{rel}","templated":true}]}}