{"id":5077,"date":"2018-11-16T11:36:37","date_gmt":"2018-11-16T10:36:37","guid":{"rendered":"https:\/\/www.sport4club.be\/index.php\/product\/solinco-vanquish-200m\/"},"modified":"2022-05-20T16:47:54","modified_gmt":"2022-05-20T14:47:54","slug":"solinco-vanquish-200m","status":"publish","type":"product","link":"https:\/\/www.sport4club.be\/index.php\/product\/solinco-vanquish-200m\/","title":{"rendered":"Solinco VANQUISH 200M"},"content":{"rendered":"<p>Le cordage Solinco Vanquish est un multifilament haut de gamme fabriqu\u00e9 \u00e0 partir de fibres de polyamide. Il offre un excellent contr\u00f4le tout en \u00e9tant tr\u00e8s agr\u00e9able \u00e0 la frappe pour votre bras.<\/p>\n<p>Un tr\u00e8s bon choix pour le joueur \u00e0 la recherche d&#8217;une bonne jouabilit\u00e9, d&#8217;un bon confort, d&#8217;une bonne sensation \u00e0 la frappe et de contr\u00f4le.<\/p>\n","protected":false},"excerpt":{"rendered":"<p>Le cordage Solinco Vanquish est un multifilament haut de gamme fabriqu\u00e9 \u00e0 partir de fibres de polyamide. Il offre un excellent contr\u00f4le tout en \u00e9tant tr\u00e8s agr\u00e9able \u00e0 la frappe pour votre bras. Un tr\u00e8s bon choix pour le joueur \u00e0 la recherche d&#8217;une bonne jouabilit\u00e9, d&#8217;un bon confort, d&#8217;une bonne sensation \u00e0 la frappe [&hellip;]<\/p>\n","protected":false},"featured_media":5078,"comment_status":"open","ping_status":"closed","template":"","meta":[],"product_cat":[108],"product_tag":[],"_links":{"self":[{"href":"https:\/\/www.sport4club.be\/index.php\/wp-json\/wp\/v2\/product\/5077"}],"collection":[{"href":"https:\/\/www.sport4club.be\/index.php\/wp-json\/wp\/v2\/product"}],"about":[{"href":"https:\/\/www.sport4club.be\/index.php\/wp-json\/wp\/v2\/types\/product"}],"replies":[{"embeddable":true,"href":"https:\/\/www.sport4club.be\/index.php\/wp-json\/wp\/v2\/comments?post=5077"}],"wp:featuredmedia":[{"embeddable":true,"href":"https:\/\/www.sport4club.be\/index.php\/wp-json\/wp\/v2\/media\/5078"}],"wp:attachment":[{"href":"https:\/\/www.sport4club.be\/index.php\/wp-json\/wp\/v2\/media?parent=5077"}],"wp:term":[{"taxonomy":"product_cat","embeddable":true,"href":"https:\/\/www.sport4club.be\/index.php\/wp-json\/wp\/v2\/product_cat?post=5077"},{"taxonomy":"product_tag","embeddable":true,"href":"https:\/\/www.sport4club.be\/index.php\/wp-json\/wp\/v2\/product_tag?post=5077"}],"curies":[{"name":"wp","href":"https:\/\/api.w.org\/{rel}","templated":true}]}}