{"id":5075,"date":"2018-11-16T11:36:37","date_gmt":"2018-11-16T10:36:37","guid":{"rendered":"https:\/\/www.sport4club.be\/index.php\/product\/solinco-outlast-200m\/"},"modified":"2020-10-30T14:23:07","modified_gmt":"2020-10-30T13:23:07","slug":"solinco-outlast-200m","status":"publish","type":"product","link":"https:\/\/www.sport4club.be\/index.php\/product\/solinco-outlast-200m\/","title":{"rendered":"Solinco OUTLAST 200M"},"content":{"rendered":"<p>Le cordage Solinco Outlast apporte une tr\u00e8s grande r\u00e9sistance cumul\u00e9e \u00e0 une excellente jouabilit\u00e9. Tr\u00e8s tol\u00e9rant et confortable, il offre \u00e9galement un tr\u00e8s bon contr\u00f4le.<\/p>\n<p>Avantages du Solinco Outlast :<\/p>\n<p>&#8211; Tr\u00e8s r\u00e9sistant<br \/>\n&#8211; Tr\u00e8s tol\u00e9rant<br \/>\n&#8211; Excellente jouabilit\u00e9<br \/>\n&#8211; Excellente sensation de jeu<br \/>\n&#8211; Tr\u00e8s bon confort<br \/>\n&#8211; Bonne tenue de tension<br \/>\n&#8211; Accroche suppl\u00e9mentaire pour offrir plus d&#8217;effets dans votre jeu<\/p>\n","protected":false},"excerpt":{"rendered":"<p>Le cordage Solinco Outlast apporte une tr\u00e8s grande r\u00e9sistance cumul\u00e9e \u00e0 une excellente jouabilit\u00e9. Tr\u00e8s tol\u00e9rant et confortable, il offre \u00e9galement un tr\u00e8s bon contr\u00f4le. Avantages du Solinco Outlast : &#8211; Tr\u00e8s r\u00e9sistant &#8211; Tr\u00e8s tol\u00e9rant &#8211; Excellente jouabilit\u00e9 &#8211; Excellente sensation de jeu &#8211; Tr\u00e8s bon confort &#8211; Bonne tenue de tension &#8211; Accroche [&hellip;]<\/p>\n","protected":false},"featured_media":5076,"comment_status":"open","ping_status":"closed","template":"","meta":[],"product_cat":[108],"product_tag":[],"_links":{"self":[{"href":"https:\/\/www.sport4club.be\/index.php\/wp-json\/wp\/v2\/product\/5075"}],"collection":[{"href":"https:\/\/www.sport4club.be\/index.php\/wp-json\/wp\/v2\/product"}],"about":[{"href":"https:\/\/www.sport4club.be\/index.php\/wp-json\/wp\/v2\/types\/product"}],"replies":[{"embeddable":true,"href":"https:\/\/www.sport4club.be\/index.php\/wp-json\/wp\/v2\/comments?post=5075"}],"wp:featuredmedia":[{"embeddable":true,"href":"https:\/\/www.sport4club.be\/index.php\/wp-json\/wp\/v2\/media\/5076"}],"wp:attachment":[{"href":"https:\/\/www.sport4club.be\/index.php\/wp-json\/wp\/v2\/media?parent=5075"}],"wp:term":[{"taxonomy":"product_cat","embeddable":true,"href":"https:\/\/www.sport4club.be\/index.php\/wp-json\/wp\/v2\/product_cat?post=5075"},{"taxonomy":"product_tag","embeddable":true,"href":"https:\/\/www.sport4club.be\/index.php\/wp-json\/wp\/v2\/product_tag?post=5075"}],"curies":[{"name":"wp","href":"https:\/\/api.w.org\/{rel}","templated":true}]}}