{"id":5073,"date":"2018-11-16T11:36:36","date_gmt":"2018-11-16T10:36:36","guid":{"rendered":"https:\/\/www.sport4club.be\/index.php\/product\/solinco-revolution-200m\/"},"modified":"2020-10-30T14:30:58","modified_gmt":"2020-10-30T13:30:58","slug":"solinco-revolution-200m","status":"publish","type":"product","link":"https:\/\/www.sport4club.be\/index.php\/product\/solinco-revolution-200m\/","title":{"rendered":"Solinco REVOLUTION 200M"},"content":{"rendered":"<p>Le Solinco Revolution est un cordage derni\u00e8rement d\u00e9velopp\u00e9 tr\u00e8s performant. Poss\u00e9dant un excellent feeling et con\u00e7u pour produire un maximum de contr\u00f4le, il utilise une fibre de polyester novatrice offrant la capacit\u00e9 de maximiser le contr\u00f4le et les effets de balle en produisant une optimisation de la vitesse de balle. Toucher de balle en plus, la corde ravira les gros frappeurs \u00e0 la recherche de contr\u00f4le, de sensation et d&#8217;effets de balle.<\/p>\n<p>Avantages du Solinco Revolution :<\/p>\n<p>&#8211; Excellent contr\u00f4le de balle<br \/>\n&#8211; Excellente capacit\u00e9 \u00e0 g\u00e9n\u00e9rer des effets de balle<br \/>\n&#8211; Excellente sensation de frappe<br \/>\n&#8211; Tenue de tension sup\u00e9rieure<\/p>\n<p>Le cordage est typ\u00e9 contr\u00f4le et effets de balle avec une r\u00e9serve de puissance pour les gros frappeurs. D\u00e8s les premi\u00e8res frappes, la magie op\u00e8re : des effets qui sont amplifi\u00e9s et un contr\u00f4le de balle qui permet d&#8217;avoir une tr\u00e8s bonne pr\u00e9cision dans le jeu. Les sensations de jeu sont excellentes. Cependant, le cordage est exigeant et requi\u00e8re une bonne vitesse de bras. Il est ainsi conseill\u00e9 pour des frappeurs qui recherchent avant tout du contr\u00f4le pour \u00eatre plus pr\u00e9cis dans leur jeu en b\u00e9n\u00e9ficiant de plus d&#8217;effets et d&#8217;excellentes sensations de jeu.<\/p>\n","protected":false},"excerpt":{"rendered":"<p>Le Solinco Revolution est un cordage derni\u00e8rement d\u00e9velopp\u00e9 tr\u00e8s performant. Poss\u00e9dant un excellent feeling et con\u00e7u pour produire un maximum de contr\u00f4le, il utilise une fibre de polyester novatrice offrant la capacit\u00e9 de maximiser le contr\u00f4le et les effets de balle en produisant une optimisation de la vitesse de balle. Toucher de balle en plus, [&hellip;]<\/p>\n","protected":false},"featured_media":5074,"comment_status":"open","ping_status":"closed","template":"","meta":[],"product_cat":[108],"product_tag":[],"_links":{"self":[{"href":"https:\/\/www.sport4club.be\/index.php\/wp-json\/wp\/v2\/product\/5073"}],"collection":[{"href":"https:\/\/www.sport4club.be\/index.php\/wp-json\/wp\/v2\/product"}],"about":[{"href":"https:\/\/www.sport4club.be\/index.php\/wp-json\/wp\/v2\/types\/product"}],"replies":[{"embeddable":true,"href":"https:\/\/www.sport4club.be\/index.php\/wp-json\/wp\/v2\/comments?post=5073"}],"wp:featuredmedia":[{"embeddable":true,"href":"https:\/\/www.sport4club.be\/index.php\/wp-json\/wp\/v2\/media\/5074"}],"wp:attachment":[{"href":"https:\/\/www.sport4club.be\/index.php\/wp-json\/wp\/v2\/media?parent=5073"}],"wp:term":[{"taxonomy":"product_cat","embeddable":true,"href":"https:\/\/www.sport4club.be\/index.php\/wp-json\/wp\/v2\/product_cat?post=5073"},{"taxonomy":"product_tag","embeddable":true,"href":"https:\/\/www.sport4club.be\/index.php\/wp-json\/wp\/v2\/product_tag?post=5073"}],"curies":[{"name":"wp","href":"https:\/\/api.w.org\/{rel}","templated":true}]}}