{"id":5071,"date":"2018-11-16T11:36:36","date_gmt":"2018-11-16T10:36:36","guid":{"rendered":"https:\/\/www.sport4club.be\/index.php\/product\/solinco-tour-bite-200m\/"},"modified":"2024-05-24T11:37:46","modified_gmt":"2024-05-24T09:37:46","slug":"solinco-tour-bite-200m","status":"publish","type":"product","link":"https:\/\/www.sport4club.be\/index.php\/product\/solinco-tour-bite-200m\/","title":{"rendered":"Solinco TOUR BITE 200M"},"content":{"rendered":"<p>Le Solinco Tour Bite est une toute nouvelle g\u00e9n\u00e9ration de co-polyester. Sa fabrication utilise des composants haute performance. Le Solinco Tour Bite est innovant avec sa forme 4 c\u00f4t\u00e9s.<\/p>\n<p>Une tr\u00e8s grande r\u00e9ussite pour ce cordage qui devrait satisfaire le plus grand nombre de comp\u00e9titeurs.<\/p>\n<p>Avantages du SOLINCO TOUR BITE :<br \/>\n&#8211; Excellent contr\u00f4le<br \/>\n&#8211; Excellente prise des effets<br \/>\n&#8211; Tr\u00e8s bonne vitesse de balle<br \/>\n&#8211; Excellente sensation lors de la frappe<br \/>\n&#8211; Tr\u00e8s bonne tenue de tension<\/p>\n<p>Le Solinco Tour Bite est le cordage coup de coeur de l&#8217;\u00e9quipe. Les sensations de frappe sont franches et rappellent la magie du Luxilon Alu Power. Le Tour Bite est stable \u00e0 l&#8217;impact et le cordage offre une excellent pr\u00e9cision, m\u00eame sur les frappes lach\u00e9es \u00e0 pleine puissance.<br \/>\nL&#8217;\u00e9quipe a \u00e9t\u00e9 frapp\u00e9e par la facilit\u00e9 \u00e0 g\u00e9n\u00e9rer des effets. On trouve des trajectoires bomb\u00e9es et des balles qui giclent au rebond sans forcer sa gestuelle.<\/p>\n<p>Le contr\u00f4le que procure le Solinco Tour Bite est incroyable. On obtient de la pr\u00e9cision, de la marge avec le lift et on a l&#8217;impression de mettre la balle o\u00f9 on veut !<\/p>\n<p>Tout ce contr\u00f4le et tout ce lift ont une petite contrepartie : la corde est rigide et il faut une bonne vitesse de bras et un bon engagement pour exploiter pleinement le Tour Bite.<br \/>\nHeuseusement Solinco pensent aux bras plus sensible avec la version soft du Tour Bite disponible sur notre site : le SOLINCO TOUR BITE SOFT.<\/p>\n<p>Pour comparer le Tour Bite au Luxilon Alu Power, le cordage solinco offre plus de contr\u00f4le, plus d&#8217;effet, plus de tol\u00e9rance et un peu plus de confort. Le Luxilon offrira plus de vitesse de balle<\/p>\n<p>Bobine de 200m<\/p>\n","protected":false},"excerpt":{"rendered":"<p>Le Solinco Tour Bite est une toute nouvelle g\u00e9n\u00e9ration de co-polyester. Sa fabrication utilise des composants haute performance. Le Solinco Tour Bite est innovant avec sa forme 4 c\u00f4t\u00e9s. Une tr\u00e8s grande r\u00e9ussite pour ce cordage qui devrait satisfaire le plus grand nombre de comp\u00e9titeurs. Avantages du SOLINCO TOUR BITE : &#8211; Excellent contr\u00f4le &#8211; [&hellip;]<\/p>\n","protected":false},"featured_media":5072,"comment_status":"open","ping_status":"closed","template":"","meta":[],"product_cat":[108,786],"product_tag":[],"_links":{"self":[{"href":"https:\/\/www.sport4club.be\/index.php\/wp-json\/wp\/v2\/product\/5071"}],"collection":[{"href":"https:\/\/www.sport4club.be\/index.php\/wp-json\/wp\/v2\/product"}],"about":[{"href":"https:\/\/www.sport4club.be\/index.php\/wp-json\/wp\/v2\/types\/product"}],"replies":[{"embeddable":true,"href":"https:\/\/www.sport4club.be\/index.php\/wp-json\/wp\/v2\/comments?post=5071"}],"wp:featuredmedia":[{"embeddable":true,"href":"https:\/\/www.sport4club.be\/index.php\/wp-json\/wp\/v2\/media\/5072"}],"wp:attachment":[{"href":"https:\/\/www.sport4club.be\/index.php\/wp-json\/wp\/v2\/media?parent=5071"}],"wp:term":[{"taxonomy":"product_cat","embeddable":true,"href":"https:\/\/www.sport4club.be\/index.php\/wp-json\/wp\/v2\/product_cat?post=5071"},{"taxonomy":"product_tag","embeddable":true,"href":"https:\/\/www.sport4club.be\/index.php\/wp-json\/wp\/v2\/product_tag?post=5071"}],"curies":[{"name":"wp","href":"https:\/\/api.w.org\/{rel}","templated":true}]}}