{"id":5061,"date":"2018-11-16T11:36:35","date_gmt":"2018-11-16T10:36:35","guid":{"rendered":"https:\/\/www.sport4club.be\/index.php\/product\/wilson-revolve-black-200m\/"},"modified":"2024-02-04T15:44:39","modified_gmt":"2024-02-04T14:44:39","slug":"wilson-revolve-black-200m","status":"publish","type":"product","link":"https:\/\/www.sport4club.be\/index.php\/product\/wilson-revolve-black-200m\/","title":{"rendered":"Wilson REVOLVE Black (200M)"},"content":{"rendered":"<p>Le cordage Wilson Revolve est un monofilament de forme ronde que l&#8217;on peut ranger dans la cat\u00e9gorie des mono semi rigide. Cette corde offre un parfait compromis entre puissance, contr\u00f4le et prise d&#8217;effets.<\/p>\n<p>La corde est fabriqu\u00e9e avec un compos\u00e9 de Crosslink Ester polym\u00e8re qui conf\u00e8re une friction plus faible entre les cordes. En effet, cela permet au cordage de bouger plus librement et donc de revenir en place plus rapidement. Cette action permet d&#8217;apporter plus de rotation \u00e0 la balle, et par cons\u00e9quent plus de lourdeur \u00e0 la frappe.<\/p>\n<p>Ce cordage ravira les joueurs de contre ou de variations qui aiment alterner les trajectoires, les effets et les changements de rythme.<\/p>\n<p>En effet, frappeurs \u00e0 plat ou lifteurs peuvent y trouver leur compte.<\/p>\n<p>&nbsp;<\/p>\n","protected":false},"excerpt":{"rendered":"<p>Le cordage Wilson Revolve est un monofilament de forme ronde que l&#8217;on peut ranger dans la cat\u00e9gorie des mono semi rigide. Cette corde offre un parfait compromis entre puissance, contr\u00f4le et prise d&#8217;effets. La corde est fabriqu\u00e9e avec un compos\u00e9 de Crosslink Ester polym\u00e8re qui conf\u00e8re une friction plus faible entre les cordes. En effet, [&hellip;]<\/p>\n","protected":false},"featured_media":112769,"comment_status":"open","ping_status":"closed","template":"","meta":[],"product_cat":[108],"product_tag":[],"_links":{"self":[{"href":"https:\/\/www.sport4club.be\/index.php\/wp-json\/wp\/v2\/product\/5061"}],"collection":[{"href":"https:\/\/www.sport4club.be\/index.php\/wp-json\/wp\/v2\/product"}],"about":[{"href":"https:\/\/www.sport4club.be\/index.php\/wp-json\/wp\/v2\/types\/product"}],"replies":[{"embeddable":true,"href":"https:\/\/www.sport4club.be\/index.php\/wp-json\/wp\/v2\/comments?post=5061"}],"wp:featuredmedia":[{"embeddable":true,"href":"https:\/\/www.sport4club.be\/index.php\/wp-json\/wp\/v2\/media\/112769"}],"wp:attachment":[{"href":"https:\/\/www.sport4club.be\/index.php\/wp-json\/wp\/v2\/media?parent=5061"}],"wp:term":[{"taxonomy":"product_cat","embeddable":true,"href":"https:\/\/www.sport4club.be\/index.php\/wp-json\/wp\/v2\/product_cat?post=5061"},{"taxonomy":"product_tag","embeddable":true,"href":"https:\/\/www.sport4club.be\/index.php\/wp-json\/wp\/v2\/product_tag?post=5061"}],"curies":[{"name":"wp","href":"https:\/\/api.w.org\/{rel}","templated":true}]}}