{"id":5054,"date":"2018-11-16T11:36:34","date_gmt":"2018-11-16T10:36:34","guid":{"rendered":"https:\/\/www.sport4club.be\/index.php\/product\/wilson-revolve-spin-black-200m\/"},"modified":"2024-02-04T15:58:51","modified_gmt":"2024-02-04T14:58:51","slug":"wilson-revolve-spin-black-200m","status":"publish","type":"product","link":"https:\/\/www.sport4club.be\/index.php\/product\/wilson-revolve-spin-black-200m\/","title":{"rendered":"Wilson REVOLVE SPIN 200M"},"content":{"rendered":"<p>Le cordage Wilson Revolve Spin est un monofilament ferme de forme pentagonale. Cette corde propose une parfaite combinaison entre contr\u00f4le, et prise d&#8217;effets. En effet, la structure de la corde offre une tr\u00e8s bonne accroche et donc plus de lourdeur de balle.<\/p>\n<p>De plus, le Revolve Spin (comme le Revolve classique) b\u00e9n\u00e9ficie d&#8217;un excellent Snapback gr\u00e2ce aux mat\u00e9riaux \u00e0 faible friction utilis\u00e9s dans sa conception. Les cordes reviennent rapidement en place \u00e0 l&#8217;impact pour toujours plus de prise d&#8217;effet !<\/p>\n<p>La version Spin du Wilson Revolve se d\u00e9cline en jauge 1,25 et 1,30<\/p>\n<p>Les lifteurs qui veulent une corde ferme pour doser leur puissance.<\/p>\n","protected":false},"excerpt":{"rendered":"<p>Le cordage Wilson Revolve Spin est un monofilament ferme de forme pentagonale. Cette corde propose une parfaite combinaison entre contr\u00f4le, et prise d&#8217;effets. En effet, la structure de la corde offre une tr\u00e8s bonne accroche et donc plus de lourdeur de balle. De plus, le Revolve Spin (comme le Revolve classique) b\u00e9n\u00e9ficie d&#8217;un excellent Snapback [&hellip;]<\/p>\n","protected":false},"featured_media":10023,"comment_status":"open","ping_status":"closed","template":"","meta":[],"product_cat":[108],"product_tag":[],"_links":{"self":[{"href":"https:\/\/www.sport4club.be\/index.php\/wp-json\/wp\/v2\/product\/5054"}],"collection":[{"href":"https:\/\/www.sport4club.be\/index.php\/wp-json\/wp\/v2\/product"}],"about":[{"href":"https:\/\/www.sport4club.be\/index.php\/wp-json\/wp\/v2\/types\/product"}],"replies":[{"embeddable":true,"href":"https:\/\/www.sport4club.be\/index.php\/wp-json\/wp\/v2\/comments?post=5054"}],"wp:featuredmedia":[{"embeddable":true,"href":"https:\/\/www.sport4club.be\/index.php\/wp-json\/wp\/v2\/media\/10023"}],"wp:attachment":[{"href":"https:\/\/www.sport4club.be\/index.php\/wp-json\/wp\/v2\/media?parent=5054"}],"wp:term":[{"taxonomy":"product_cat","embeddable":true,"href":"https:\/\/www.sport4club.be\/index.php\/wp-json\/wp\/v2\/product_cat?post=5054"},{"taxonomy":"product_tag","embeddable":true,"href":"https:\/\/www.sport4club.be\/index.php\/wp-json\/wp\/v2\/product_tag?post=5054"}],"curies":[{"name":"wp","href":"https:\/\/api.w.org\/{rel}","templated":true}]}}