{"id":5044,"date":"2018-11-16T11:36:29","date_gmt":"2018-11-16T10:36:29","guid":{"rendered":"https:\/\/www.sport4club.be\/index.php\/product\/babolat-xcel-200m-2\/"},"modified":"2022-08-16T09:34:57","modified_gmt":"2022-08-16T07:34:57","slug":"babolat-xcel-200m-2","status":"publish","type":"product","link":"https:\/\/www.sport4club.be\/index.php\/product\/babolat-xcel-200m-2\/","title":{"rendered":"Babolat XCEL  200M"},"content":{"rendered":"<p><em><strong>Composition Multifilament fine et Structure Polyamide Ultra-souple.<\/strong><\/em><\/p>\n<p><em>Cordage tr\u00e8s agr\u00e9able pour le bras et extr\u00eamement puissant gr\u00e2ce \u00e0 son \u00e9lasticit\u00e9 apportant une sensation de confort extraordinaire. Le cordage synth\u00e9tique apportant la sensation la plus proche de celle du boyau naturel.\u00a0<\/em><\/p>\n","protected":false},"excerpt":{"rendered":"<p>Composition Multifilament fine et Structure Polyamide Ultra-souple. Cordage tr\u00e8s agr\u00e9able pour le bras et extr\u00eamement puissant gr\u00e2ce \u00e0 son \u00e9lasticit\u00e9 apportant une sensation de confort extraordinaire. Le cordage synth\u00e9tique apportant la sensation la plus proche de celle du boyau naturel.\u00a0<\/p>\n","protected":false},"featured_media":5045,"comment_status":"open","ping_status":"closed","template":"","meta":[],"product_cat":[108],"product_tag":[],"_links":{"self":[{"href":"https:\/\/www.sport4club.be\/index.php\/wp-json\/wp\/v2\/product\/5044"}],"collection":[{"href":"https:\/\/www.sport4club.be\/index.php\/wp-json\/wp\/v2\/product"}],"about":[{"href":"https:\/\/www.sport4club.be\/index.php\/wp-json\/wp\/v2\/types\/product"}],"replies":[{"embeddable":true,"href":"https:\/\/www.sport4club.be\/index.php\/wp-json\/wp\/v2\/comments?post=5044"}],"wp:featuredmedia":[{"embeddable":true,"href":"https:\/\/www.sport4club.be\/index.php\/wp-json\/wp\/v2\/media\/5045"}],"wp:attachment":[{"href":"https:\/\/www.sport4club.be\/index.php\/wp-json\/wp\/v2\/media?parent=5044"}],"wp:term":[{"taxonomy":"product_cat","embeddable":true,"href":"https:\/\/www.sport4club.be\/index.php\/wp-json\/wp\/v2\/product_cat?post=5044"},{"taxonomy":"product_tag","embeddable":true,"href":"https:\/\/www.sport4club.be\/index.php\/wp-json\/wp\/v2\/product_tag?post=5044"}],"curies":[{"name":"wp","href":"https:\/\/api.w.org\/{rel}","templated":true}]}}