{"id":5032,"date":"2018-11-16T11:36:28","date_gmt":"2018-11-16T10:36:28","guid":{"rendered":"https:\/\/www.sport4club.be\/index.php\/product\/babolat-rpm-blast-200m\/"},"modified":"2024-07-28T14:06:17","modified_gmt":"2024-07-28T12:06:17","slug":"babolat-rpm-blast-200m","status":"publish","type":"product","link":"https:\/\/www.sport4club.be\/index.php\/product\/babolat-rpm-blast-200m\/","title":{"rendered":"Babolat RPM BLAST 200M"},"content":{"rendered":"<p><strong>Le choix de Rafael Nadal. Construction CO-PET-0.<\/strong><\/p>\n<p>Un copolyester haute densit\u00e9 unique garantit un contr\u00f4le maximum tandis que la structure octogonale procure un spin exceptionnel. La r\u00e9f\u00e9rence pour les joueurs de haut niveau.<\/p>\n","protected":false},"excerpt":{"rendered":"<p>Le choix de Rafael Nadal. Construction CO-PET-0. Un copolyester haute densit\u00e9 unique garantit un contr\u00f4le maximum tandis que la structure octogonale procure un spin exceptionnel. La r\u00e9f\u00e9rence pour les joueurs de haut niveau.<\/p>\n","protected":false},"featured_media":5033,"comment_status":"open","ping_status":"closed","template":"","meta":[],"product_cat":[108],"product_tag":[],"_links":{"self":[{"href":"https:\/\/www.sport4club.be\/index.php\/wp-json\/wp\/v2\/product\/5032"}],"collection":[{"href":"https:\/\/www.sport4club.be\/index.php\/wp-json\/wp\/v2\/product"}],"about":[{"href":"https:\/\/www.sport4club.be\/index.php\/wp-json\/wp\/v2\/types\/product"}],"replies":[{"embeddable":true,"href":"https:\/\/www.sport4club.be\/index.php\/wp-json\/wp\/v2\/comments?post=5032"}],"wp:featuredmedia":[{"embeddable":true,"href":"https:\/\/www.sport4club.be\/index.php\/wp-json\/wp\/v2\/media\/5033"}],"wp:attachment":[{"href":"https:\/\/www.sport4club.be\/index.php\/wp-json\/wp\/v2\/media?parent=5032"}],"wp:term":[{"taxonomy":"product_cat","embeddable":true,"href":"https:\/\/www.sport4club.be\/index.php\/wp-json\/wp\/v2\/product_cat?post=5032"},{"taxonomy":"product_tag","embeddable":true,"href":"https:\/\/www.sport4club.be\/index.php\/wp-json\/wp\/v2\/product_tag?post=5032"}],"curies":[{"name":"wp","href":"https:\/\/api.w.org\/{rel}","templated":true}]}}