{"id":5020,"date":"2018-11-16T11:36:27","date_gmt":"2018-11-16T10:36:27","guid":{"rendered":"https:\/\/www.sport4club.be\/index.php\/product\/babolat-rpm-blast-rough-200m\/"},"modified":"2024-01-30T12:44:13","modified_gmt":"2024-01-30T11:44:13","slug":"babolat-rpm-blast-rough-200m","status":"publish","type":"product","link":"https:\/\/www.sport4club.be\/index.php\/product\/babolat-rpm-blast-rough-200m\/","title":{"rendered":"Babolat RPM ROUGH 200M"},"content":{"rendered":"<p><em><strong>Le cordage au service du spin ultime. Construction CO-PET-OR.<\/strong><\/em><\/p>\n<p><em>L&#8217;association d&#8217;une structure octogonale et d&#8217;une texture rugueuse en co-polyester haute densit\u00e9 donne \u00e0 la balle une rotation ph\u00e9nom\u00e9nale et permet d&#8217;atteindre un niveau de spin in\u00e9gal\u00e9. Utilis\u00e9 en tournoi, un must-have pour les joueurs de haut niveau.<\/em><\/p>\n<p><em>Pour GAGNER, misez sur l\u2019EFFET. Le cordage de tennis RPM\u00a0Rough vous offre une prise d\u2019effet exceptionnelle. Vous pouvez litt\u00e9ralement sentir la texture du cordage. Et cette texture signifie que chacune de vos frappes aura plus de mordant. Ce n\u2019est pas une surprise s\u2019il est utilis\u00e9 par les meilleurs joueurs mondiaux, y compris F\u00e9lix Auger-Aliassime. Fabriqu\u00e9 en France.<\/em><\/p>\n<p><em>Le cordage est le moteur de votre raquette. En effet, la moiti\u00e9 des performances de votre raquette vient de son cordage. Autrement dit, il faut bien le choisir. Nous avons invent\u00e9 le cordage de tennis en\u00a01875. Depuis lors, nous n\u2019avons pas cess\u00e9 d&#8217;innover pour vous permettre de jouer votre meilleur tennis et de vous amuser toujours plus.<\/em><\/p>\n","protected":false},"excerpt":{"rendered":"<p>Le cordage au service du spin ultime. Construction CO-PET-OR. L&#8217;association d&#8217;une structure octogonale et d&#8217;une texture rugueuse en co-polyester haute densit\u00e9 donne \u00e0 la balle une rotation ph\u00e9nom\u00e9nale et permet d&#8217;atteindre un niveau de spin in\u00e9gal\u00e9. Utilis\u00e9 en tournoi, un must-have pour les joueurs de haut niveau. Pour GAGNER, misez sur l\u2019EFFET. Le cordage de [&hellip;]<\/p>\n","protected":false},"featured_media":93490,"comment_status":"open","ping_status":"closed","template":"","meta":[],"product_cat":[108],"product_tag":[],"_links":{"self":[{"href":"https:\/\/www.sport4club.be\/index.php\/wp-json\/wp\/v2\/product\/5020"}],"collection":[{"href":"https:\/\/www.sport4club.be\/index.php\/wp-json\/wp\/v2\/product"}],"about":[{"href":"https:\/\/www.sport4club.be\/index.php\/wp-json\/wp\/v2\/types\/product"}],"replies":[{"embeddable":true,"href":"https:\/\/www.sport4club.be\/index.php\/wp-json\/wp\/v2\/comments?post=5020"}],"wp:featuredmedia":[{"embeddable":true,"href":"https:\/\/www.sport4club.be\/index.php\/wp-json\/wp\/v2\/media\/93490"}],"wp:attachment":[{"href":"https:\/\/www.sport4club.be\/index.php\/wp-json\/wp\/v2\/media?parent=5020"}],"wp:term":[{"taxonomy":"product_cat","embeddable":true,"href":"https:\/\/www.sport4club.be\/index.php\/wp-json\/wp\/v2\/product_cat?post=5020"},{"taxonomy":"product_tag","embeddable":true,"href":"https:\/\/www.sport4club.be\/index.php\/wp-json\/wp\/v2\/product_tag?post=5020"}],"curies":[{"name":"wp","href":"https:\/\/api.w.org\/{rel}","templated":true}]}}