{"id":5018,"date":"2018-11-16T11:36:26","date_gmt":"2018-11-16T10:36:26","guid":{"rendered":"https:\/\/www.sport4club.be\/index.php\/product\/merco-sport-bag-103\/"},"modified":"2018-12-01T16:25:28","modified_gmt":"2018-12-01T15:25:28","slug":"merco-sport-bag-103","status":"publish","type":"product","link":"https:\/\/www.sport4club.be\/index.php\/product\/merco-sport-bag-103\/","title":{"rendered":"Merco SPORT BAG 103"},"content":{"rendered":"<p><em>Le plus grand mod\u00e8le de cette s\u00e9rie Merco avec un volume de 28 litres, en polyester r\u00e9sistant et \u00e9tanche.<\/em><\/p>\n<p><em>Dimensions :\u00a0<\/em><em>55x25x21cm<\/em><\/p>\n","protected":false},"excerpt":{"rendered":"<p>Le plus grand mod\u00e8le de cette s\u00e9rie Merco avec un volume de 28 litres, en polyester r\u00e9sistant et \u00e9tanche. Dimensions :\u00a055x25x21cm<\/p>\n","protected":false},"featured_media":10463,"comment_status":"open","ping_status":"closed","template":"","meta":[],"product_cat":[107],"product_tag":[],"_links":{"self":[{"href":"https:\/\/www.sport4club.be\/index.php\/wp-json\/wp\/v2\/product\/5018"}],"collection":[{"href":"https:\/\/www.sport4club.be\/index.php\/wp-json\/wp\/v2\/product"}],"about":[{"href":"https:\/\/www.sport4club.be\/index.php\/wp-json\/wp\/v2\/types\/product"}],"replies":[{"embeddable":true,"href":"https:\/\/www.sport4club.be\/index.php\/wp-json\/wp\/v2\/comments?post=5018"}],"wp:featuredmedia":[{"embeddable":true,"href":"https:\/\/www.sport4club.be\/index.php\/wp-json\/wp\/v2\/media\/10463"}],"wp:attachment":[{"href":"https:\/\/www.sport4club.be\/index.php\/wp-json\/wp\/v2\/media?parent=5018"}],"wp:term":[{"taxonomy":"product_cat","embeddable":true,"href":"https:\/\/www.sport4club.be\/index.php\/wp-json\/wp\/v2\/product_cat?post=5018"},{"taxonomy":"product_tag","embeddable":true,"href":"https:\/\/www.sport4club.be\/index.php\/wp-json\/wp\/v2\/product_tag?post=5018"}],"curies":[{"name":"wp","href":"https:\/\/api.w.org\/{rel}","templated":true}]}}