{"id":4952,"date":"2018-11-16T11:36:11","date_gmt":"2018-11-16T10:36:11","guid":{"rendered":"https:\/\/www.sport4club.be\/index.php\/product\/babolat-backpack-pure-strike\/"},"modified":"2024-01-30T16:12:24","modified_gmt":"2024-01-30T15:12:24","slug":"babolat-backpack-pure-strike","status":"publish","type":"product","link":"https:\/\/www.sport4club.be\/index.php\/product\/babolat-backpack-pure-strike\/","title":{"rendered":"Babolat BACKPACK PURE STRIKE"},"content":{"rendered":"<p><em>\u00c9l\u00e9gant et pratique, le sac \u00e0 dos de tennis Pure Strike vous permet de transporter tout le mat\u00e9riel dont vous avez besoin pour jouer au tennis.<\/em><\/p>\n<p><em>Le compartiment isotherme peut contenir jusqu\u2019\u00e0 3 raquettes.<\/em><\/p>\n<p><em>Et les logos r\u00e9fl\u00e9chissants vous donnent une plus grande visibilit\u00e9 pendant le trajet depuis et vers le court.<\/em><\/p>\n<p><em>Vous ne transportez pas de raquette ? Le compartiment d\u00e9di\u00e9 peut \u00eatre repli\u00e9, et il y a toute la place n\u00e9cessaire dans les autres espaces pour ranger vos v\u00eatements, votre ordinateur portable ou vos accessoires.<\/em><\/p>\n<p><em>Capacit\u00e9 : 32 L<\/em><\/p>\n<p><em>Dimensions : 32x77x20cm<\/em><\/p>\n","protected":false},"excerpt":{"rendered":"<p>\u00c9l\u00e9gant et pratique, le sac \u00e0 dos de tennis Pure Strike vous permet de transporter tout le mat\u00e9riel dont vous avez besoin pour jouer au tennis. Le compartiment isotherme peut contenir jusqu\u2019\u00e0 3 raquettes. Et les logos r\u00e9fl\u00e9chissants vous donnent une plus grande visibilit\u00e9 pendant le trajet depuis et vers le court. Vous ne transportez [&hellip;]<\/p>\n","protected":false},"featured_media":94222,"comment_status":"open","ping_status":"closed","template":"","meta":[],"product_cat":[107],"product_tag":[],"_links":{"self":[{"href":"https:\/\/www.sport4club.be\/index.php\/wp-json\/wp\/v2\/product\/4952"}],"collection":[{"href":"https:\/\/www.sport4club.be\/index.php\/wp-json\/wp\/v2\/product"}],"about":[{"href":"https:\/\/www.sport4club.be\/index.php\/wp-json\/wp\/v2\/types\/product"}],"replies":[{"embeddable":true,"href":"https:\/\/www.sport4club.be\/index.php\/wp-json\/wp\/v2\/comments?post=4952"}],"wp:featuredmedia":[{"embeddable":true,"href":"https:\/\/www.sport4club.be\/index.php\/wp-json\/wp\/v2\/media\/94222"}],"wp:attachment":[{"href":"https:\/\/www.sport4club.be\/index.php\/wp-json\/wp\/v2\/media?parent=4952"}],"wp:term":[{"taxonomy":"product_cat","embeddable":true,"href":"https:\/\/www.sport4club.be\/index.php\/wp-json\/wp\/v2\/product_cat?post=4952"},{"taxonomy":"product_tag","embeddable":true,"href":"https:\/\/www.sport4club.be\/index.php\/wp-json\/wp\/v2\/product_tag?post=4952"}],"curies":[{"name":"wp","href":"https:\/\/api.w.org\/{rel}","templated":true}]}}