{"id":4911,"date":"2018-11-16T11:36:01","date_gmt":"2018-11-16T10:36:01","guid":{"rendered":"https:\/\/www.sport4club.be\/index.php\/product\/tecnifibre-mousse-sac-3-balles\/"},"modified":"2021-12-31T13:23:03","modified_gmt":"2021-12-31T12:23:03","slug":"tecnifibre-mousse-sac-3-balles","status":"publish","type":"product","link":"https:\/\/www.sport4club.be\/index.php\/product\/tecnifibre-mousse-sac-3-balles\/","title":{"rendered":"Tecnifibre MOUSSE (SAC 3 BALLES)"},"content":{"rendered":"<p>Sachet de 3 balles en mousse Tecnifibre My Ball parfaites pour l&#8217;initiation du tennis. La balle My Ball s&#8217;int\u00e8gre dans la gamme initiation de Tecnifibre. Elle suit les recommandations de l&#8217;ITF. L\u00e9g\u00e8re et moins rapide, cette balle en mousse poss\u00e8de un diam\u00e8tre de 8 cm pour parfaitement s&#8217;adapter aux capacit\u00e9s de l&#8217;enfant. Elle permet une meilleure appr\u00e9hension de la balle, de l&#8217;espace et du geste.<\/p>\n","protected":false},"excerpt":{"rendered":"<p>Sachet de 3 balles en mousse Tecnifibre My Ball parfaites pour l&#8217;initiation du tennis. La balle My Ball s&#8217;int\u00e8gre dans la gamme initiation de Tecnifibre. Elle suit les recommandations de l&#8217;ITF. L\u00e9g\u00e8re et moins rapide, cette balle en mousse poss\u00e8de un diam\u00e8tre de 8 cm pour parfaitement s&#8217;adapter aux capacit\u00e9s de l&#8217;enfant. Elle permet une [&hellip;]<\/p>\n","protected":false},"featured_media":12307,"comment_status":"open","ping_status":"closed","template":"","meta":[],"product_cat":[106],"product_tag":[],"_links":{"self":[{"href":"https:\/\/www.sport4club.be\/index.php\/wp-json\/wp\/v2\/product\/4911"}],"collection":[{"href":"https:\/\/www.sport4club.be\/index.php\/wp-json\/wp\/v2\/product"}],"about":[{"href":"https:\/\/www.sport4club.be\/index.php\/wp-json\/wp\/v2\/types\/product"}],"replies":[{"embeddable":true,"href":"https:\/\/www.sport4club.be\/index.php\/wp-json\/wp\/v2\/comments?post=4911"}],"wp:featuredmedia":[{"embeddable":true,"href":"https:\/\/www.sport4club.be\/index.php\/wp-json\/wp\/v2\/media\/12307"}],"wp:attachment":[{"href":"https:\/\/www.sport4club.be\/index.php\/wp-json\/wp\/v2\/media?parent=4911"}],"wp:term":[{"taxonomy":"product_cat","embeddable":true,"href":"https:\/\/www.sport4club.be\/index.php\/wp-json\/wp\/v2\/product_cat?post=4911"},{"taxonomy":"product_tag","embeddable":true,"href":"https:\/\/www.sport4club.be\/index.php\/wp-json\/wp\/v2\/product_tag?post=4911"}],"curies":[{"name":"wp","href":"https:\/\/api.w.org\/{rel}","templated":true}]}}