{"id":4909,"date":"2018-11-16T11:36:01","date_gmt":"2018-11-16T10:36:01","guid":{"rendered":"https:\/\/www.sport4club.be\/index.php\/product\/tecnifibre-mini-tennis-sac-40-balles\/"},"modified":"2021-01-26T12:59:52","modified_gmt":"2021-01-26T11:59:52","slug":"tecnifibre-mini-tennis-sac-40-balles","status":"publish","type":"product","link":"https:\/\/www.sport4club.be\/index.php\/product\/tecnifibre-mini-tennis-sac-40-balles\/","title":{"rendered":"Tecnifibre MINI TENNIS (SAC 40 BALLES)"},"content":{"rendered":"<p>Balles tr\u00e8s molles r\u00e9duisant la vitesse, con\u00e7ues pour le mini tennis.<\/p>\n","protected":false},"excerpt":{"rendered":"<p>Balles tr\u00e8s molles r\u00e9duisant la vitesse, con\u00e7ues pour le mini tennis.<\/p>\n","protected":false},"featured_media":12305,"comment_status":"open","ping_status":"closed","template":"","meta":[],"product_cat":[106],"product_tag":[],"_links":{"self":[{"href":"https:\/\/www.sport4club.be\/index.php\/wp-json\/wp\/v2\/product\/4909"}],"collection":[{"href":"https:\/\/www.sport4club.be\/index.php\/wp-json\/wp\/v2\/product"}],"about":[{"href":"https:\/\/www.sport4club.be\/index.php\/wp-json\/wp\/v2\/types\/product"}],"replies":[{"embeddable":true,"href":"https:\/\/www.sport4club.be\/index.php\/wp-json\/wp\/v2\/comments?post=4909"}],"wp:featuredmedia":[{"embeddable":true,"href":"https:\/\/www.sport4club.be\/index.php\/wp-json\/wp\/v2\/media\/12305"}],"wp:attachment":[{"href":"https:\/\/www.sport4club.be\/index.php\/wp-json\/wp\/v2\/media?parent=4909"}],"wp:term":[{"taxonomy":"product_cat","embeddable":true,"href":"https:\/\/www.sport4club.be\/index.php\/wp-json\/wp\/v2\/product_cat?post=4909"},{"taxonomy":"product_tag","embeddable":true,"href":"https:\/\/www.sport4club.be\/index.php\/wp-json\/wp\/v2\/product_tag?post=4909"}],"curies":[{"name":"wp","href":"https:\/\/api.w.org\/{rel}","templated":true}]}}