{"id":4903,"date":"2018-11-16T11:35:59","date_gmt":"2018-11-16T10:35:59","guid":{"rendered":"https:\/\/www.sport4club.be\/index.php\/product\/tecnifibre-xld-baril-72-balles\/"},"modified":"2023-12-31T12:24:58","modified_gmt":"2023-12-31T11:24:58","slug":"tecnifibre-xld-baril-72-balles","status":"publish","type":"product","link":"https:\/\/www.sport4club.be\/index.php\/product\/tecnifibre-xld-baril-72-balles\/","title":{"rendered":"Tecnifibre XLD (BARIL 72 BALLES)"},"content":{"rendered":"<p>Balles d\u2019entra\u00eenement Tecnifibre XLD jaunes sans pression.<br \/>\nDe qualit\u00e9 sup\u00e9rieure, elles peuvent \u00eatre utilis\u00e9es pour l\u2019entra\u00eenement par les joueurs de comp\u00e9tition.<\/p>\n","protected":false},"excerpt":{"rendered":"<p>Balles d\u2019entra\u00eenement Tecnifibre XLD jaunes sans pression. De qualit\u00e9 sup\u00e9rieure, elles peuvent \u00eatre utilis\u00e9es pour l\u2019entra\u00eenement par les joueurs de comp\u00e9tition.<\/p>\n","protected":false},"featured_media":12314,"comment_status":"open","ping_status":"closed","template":"","meta":[],"product_cat":[106],"product_tag":[],"_links":{"self":[{"href":"https:\/\/www.sport4club.be\/index.php\/wp-json\/wp\/v2\/product\/4903"}],"collection":[{"href":"https:\/\/www.sport4club.be\/index.php\/wp-json\/wp\/v2\/product"}],"about":[{"href":"https:\/\/www.sport4club.be\/index.php\/wp-json\/wp\/v2\/types\/product"}],"replies":[{"embeddable":true,"href":"https:\/\/www.sport4club.be\/index.php\/wp-json\/wp\/v2\/comments?post=4903"}],"wp:featuredmedia":[{"embeddable":true,"href":"https:\/\/www.sport4club.be\/index.php\/wp-json\/wp\/v2\/media\/12314"}],"wp:attachment":[{"href":"https:\/\/www.sport4club.be\/index.php\/wp-json\/wp\/v2\/media?parent=4903"}],"wp:term":[{"taxonomy":"product_cat","embeddable":true,"href":"https:\/\/www.sport4club.be\/index.php\/wp-json\/wp\/v2\/product_cat?post=4903"},{"taxonomy":"product_tag","embeddable":true,"href":"https:\/\/www.sport4club.be\/index.php\/wp-json\/wp\/v2\/product_tag?post=4903"}],"curies":[{"name":"wp","href":"https:\/\/api.w.org\/{rel}","templated":true}]}}