{"id":4900,"date":"2018-11-16T11:35:56","date_gmt":"2018-11-16T10:35:56","guid":{"rendered":"https:\/\/www.sport4club.be\/index.php\/product\/tecnifibre-x-one-tube-4-balles\/"},"modified":"2022-03-28T10:13:27","modified_gmt":"2022-03-28T08:13:27","slug":"tecnifibre-x-one-tube-4-balles","status":"publish","type":"product","link":"https:\/\/www.sport4club.be\/index.php\/product\/tecnifibre-x-one-tube-4-balles\/","title":{"rendered":"Tecnifibre X-ONE (TUBE 4 BALLES)"},"content":{"rendered":"<p>La X-One est la balle haut de gamme de Tecnifibre. La X-One est une balle vive, ultra performante et qui poss\u00e8de une excellente long\u00e9vit\u00e9: une v\u00e9ritable balle pour les comp\u00e9titeurs.<\/p>\n","protected":false},"excerpt":{"rendered":"<p>La X-One est la balle haut de gamme de Tecnifibre. La X-One est une balle vive, ultra performante et qui poss\u00e8de une excellente long\u00e9vit\u00e9: une v\u00e9ritable balle pour les comp\u00e9titeurs.<\/p>\n","protected":false},"featured_media":108107,"comment_status":"open","ping_status":"closed","template":"","meta":[],"product_cat":[106],"product_tag":[],"_links":{"self":[{"href":"https:\/\/www.sport4club.be\/index.php\/wp-json\/wp\/v2\/product\/4900"}],"collection":[{"href":"https:\/\/www.sport4club.be\/index.php\/wp-json\/wp\/v2\/product"}],"about":[{"href":"https:\/\/www.sport4club.be\/index.php\/wp-json\/wp\/v2\/types\/product"}],"replies":[{"embeddable":true,"href":"https:\/\/www.sport4club.be\/index.php\/wp-json\/wp\/v2\/comments?post=4900"}],"wp:featuredmedia":[{"embeddable":true,"href":"https:\/\/www.sport4club.be\/index.php\/wp-json\/wp\/v2\/media\/108107"}],"wp:attachment":[{"href":"https:\/\/www.sport4club.be\/index.php\/wp-json\/wp\/v2\/media?parent=4900"}],"wp:term":[{"taxonomy":"product_cat","embeddable":true,"href":"https:\/\/www.sport4club.be\/index.php\/wp-json\/wp\/v2\/product_cat?post=4900"},{"taxonomy":"product_tag","embeddable":true,"href":"https:\/\/www.sport4club.be\/index.php\/wp-json\/wp\/v2\/product_tag?post=4900"}],"curies":[{"name":"wp","href":"https:\/\/api.w.org\/{rel}","templated":true}]}}