{"id":4890,"date":"2018-11-16T11:35:54","date_gmt":"2018-11-16T10:35:54","guid":{"rendered":"https:\/\/www.sport4club.be\/index.php\/product\/head-tip-green-sac-72-balles\/"},"modified":"2024-04-15T16:13:48","modified_gmt":"2024-04-15T14:13:48","slug":"head-tip-green-sac-72-balles","status":"publish","type":"product","link":"https:\/\/www.sport4club.be\/index.php\/product\/head-tip-green-sac-72-balles\/","title":{"rendered":"Head TIP GREEN (SAC 72 BALLES)"},"content":{"rendered":"<p>Retrouvez la balle de tennis Head TIP Vert en\u00a0<strong>sachet de 72 balles.\u00a0<\/strong>Les balles de tennis pour enfants Head TIP Advanced Beginners sont con\u00e7ues sp\u00e9cialement pour les enfants de 9 \u00e0 10 ans.<\/p>\n<p>Ces balles sont plus\u00a0<strong>souples<\/strong>, plus\u00a0<strong>l\u00e9g\u00e8res\u00a0<\/strong>que les balles adultes et leur\u00a0<strong>rebond\u00a0<\/strong>plus bas est id\u00e9al pour les enfants.<\/p>\n<p>La balle Head TIP Verte est\u00a0<strong>25% plus lente qu&#8217;une balle classique<\/strong>.<\/p>\n","protected":false},"excerpt":{"rendered":"<p>Retrouvez la balle de tennis Head TIP Vert en\u00a0sachet de 72 balles.\u00a0Les balles de tennis pour enfants Head TIP Advanced Beginners sont con\u00e7ues sp\u00e9cialement pour les enfants de 9 \u00e0 10 ans. Ces balles sont plus\u00a0souples, plus\u00a0l\u00e9g\u00e8res\u00a0que les balles adultes et leur\u00a0rebond\u00a0plus bas est id\u00e9al pour les enfants. La balle Head TIP Verte est\u00a025% plus [&hellip;]<\/p>\n","protected":false},"featured_media":4891,"comment_status":"open","ping_status":"closed","template":"","meta":[],"product_cat":[106],"product_tag":[],"_links":{"self":[{"href":"https:\/\/www.sport4club.be\/index.php\/wp-json\/wp\/v2\/product\/4890"}],"collection":[{"href":"https:\/\/www.sport4club.be\/index.php\/wp-json\/wp\/v2\/product"}],"about":[{"href":"https:\/\/www.sport4club.be\/index.php\/wp-json\/wp\/v2\/types\/product"}],"replies":[{"embeddable":true,"href":"https:\/\/www.sport4club.be\/index.php\/wp-json\/wp\/v2\/comments?post=4890"}],"wp:featuredmedia":[{"embeddable":true,"href":"https:\/\/www.sport4club.be\/index.php\/wp-json\/wp\/v2\/media\/4891"}],"wp:attachment":[{"href":"https:\/\/www.sport4club.be\/index.php\/wp-json\/wp\/v2\/media?parent=4890"}],"wp:term":[{"taxonomy":"product_cat","embeddable":true,"href":"https:\/\/www.sport4club.be\/index.php\/wp-json\/wp\/v2\/product_cat?post=4890"},{"taxonomy":"product_tag","embeddable":true,"href":"https:\/\/www.sport4club.be\/index.php\/wp-json\/wp\/v2\/product_tag?post=4890"}],"curies":[{"name":"wp","href":"https:\/\/api.w.org\/{rel}","templated":true}]}}